{"id":535,"date":"2026-01-06T13:13:37","date_gmt":"2026-01-06T13:13:37","guid":{"rendered":"https:\/\/mireiamira.cat\/?post_type=product&#038;p=535"},"modified":"2026-01-13T14:54:27","modified_gmt":"2026-01-13T14:54:27","slug":"ocells","status":"publish","type":"product","link":"https:\/\/mireiamira.cat\/es\/producto\/ocells\/","title":{"rendered":"P\u00e1jaros"},"content":{"rendered":"<p>Acuarela y l\u00e1piz sobre papel de acuarela de 300g. Tama\u00f1o dinA4. Se vende sin marco de madera.<\/p>","protected":false},"excerpt":{"rendered":"<p>Verte en formas que viven en el aire y la tierra.<\/p>","protected":false},"featured_media":536,"comment_status":"open","ping_status":"closed","template":"","meta":[],"product_brand":[],"product_cat":[19],"product_tag":[],"class_list":{"0":"post-535","1":"product","2":"type-product","3":"status-publish","4":"has-post-thumbnail","6":"product_cat-illustracio","8":"first","9":"instock","10":"shipping-taxable","11":"purchasable","12":"product-type-simple"},"aioseo_notices":[],"_links":{"self":[{"href":"https:\/\/mireiamira.cat\/es\/wp-json\/wp\/v2\/product\/535","targetHints":{"allow":["GET"]}}],"collection":[{"href":"https:\/\/mireiamira.cat\/es\/wp-json\/wp\/v2\/product"}],"about":[{"href":"https:\/\/mireiamira.cat\/es\/wp-json\/wp\/v2\/types\/product"}],"replies":[{"embeddable":true,"href":"https:\/\/mireiamira.cat\/es\/wp-json\/wp\/v2\/comments?post=535"}],"wp:featuredmedia":[{"embeddable":true,"href":"https:\/\/mireiamira.cat\/es\/wp-json\/wp\/v2\/media\/536"}],"wp:attachment":[{"href":"https:\/\/mireiamira.cat\/es\/wp-json\/wp\/v2\/media?parent=535"}],"wp:term":[{"taxonomy":"product_brand","embeddable":true,"href":"https:\/\/mireiamira.cat\/es\/wp-json\/wp\/v2\/product_brand?post=535"},{"taxonomy":"product_cat","embeddable":true,"href":"https:\/\/mireiamira.cat\/es\/wp-json\/wp\/v2\/product_cat?post=535"},{"taxonomy":"product_tag","embeddable":true,"href":"https:\/\/mireiamira.cat\/es\/wp-json\/wp\/v2\/product_tag?post=535"}],"curies":[{"name":"wp","href":"https:\/\/api.w.org\/{rel}","templated":true}]}}