{"id":46,"date":"2025-11-22T20:08:37","date_gmt":"2025-11-22T20:08:37","guid":{"rendered":"https:\/\/mireiamira.cat\/?page_id=46"},"modified":"2025-11-22T20:10:45","modified_gmt":"2025-11-22T20:10:45","slug":"politica-de-cookies","status":"publish","type":"page","link":"https:\/\/mireiamira.cat\/es\/politica-de-cookies\/","title":{"rendered":"Pol\u00edtica de Cookies"},"content":{"rendered":"<div class=\"wp-block-group alignfull has-global-padding is-layout-constrained wp-container-core-group-is-layout-bea02a06 wp-block-group-is-layout-constrained\">\n<div class=\"wp-block-group has-global-padding is-layout-constrained wp-container-core-group-is-layout-bea02a06 wp-block-group-is-layout-constrained\">\n<h2 class=\"wp-block-heading\">Cookies, s\u00f3lo las justas y necesarias<\/h2>\n<\/div>\n\n\n\n<p>Esta web utiliza <strong>cookies<\/strong> para ayudarle a funcionar mejor. Algunas son b\u00e1sicas para que puedas navegar bien; otros me sirven para saber lo que m\u00e1s te interesa y seguir mejorando.<\/p>\n\n\n\n<p><strong>No uso cookies invasivas ni publicitarias.<\/strong><br>S\u00f3lo herramientas como Google Analytics para ver c\u00f3mo va la web y mejorarla.<\/p>\n\n\n\n<p>Si prefieres no aceptarlas, puedes cambiar la configuraci\u00f3n de tu navegador y bloquearlas o eliminarlas. Eso s\u00ed, puede que algunas funciones de la web no vayan tan bien.<\/p>\n<\/div>","protected":false},"excerpt":{"rendered":"<p>Cookies, nom\u00e9s les justes i necess\u00e0ries Aquesta web fa servir cookies per ajudar-la a funcionar millor. Algunes s\u00f3n b\u00e0siques perqu\u00e8 puguis navegar b\u00e9; d\u2019altres em serveixen per saber qu\u00e8 t\u2019interessa m\u00e9s i seguir millorant. No faig servir cookies invasives ni publicit\u00e0ries.Nom\u00e9s eines com Google Analytics per veure com va la web i millorar-la. Si prefereixes [&hellip;]<\/p>","protected":false},"author":1,"featured_media":0,"parent":0,"menu_order":0,"comment_status":"closed","ping_status":"closed","template":"","meta":{"footnotes":""},"class_list":["post-46","page","type-page","status-publish","hentry"],"aioseo_notices":[],"_hostinger_reach_plugin_has_subscription_block":false,"_hostinger_reach_plugin_is_elementor":false,"_links":{"self":[{"href":"https:\/\/mireiamira.cat\/es\/wp-json\/wp\/v2\/pages\/46","targetHints":{"allow":["GET"]}}],"collection":[{"href":"https:\/\/mireiamira.cat\/es\/wp-json\/wp\/v2\/pages"}],"about":[{"href":"https:\/\/mireiamira.cat\/es\/wp-json\/wp\/v2\/types\/page"}],"author":[{"embeddable":true,"href":"https:\/\/mireiamira.cat\/es\/wp-json\/wp\/v2\/users\/1"}],"replies":[{"embeddable":true,"href":"https:\/\/mireiamira.cat\/es\/wp-json\/wp\/v2\/comments?post=46"}],"version-history":[{"count":3,"href":"https:\/\/mireiamira.cat\/es\/wp-json\/wp\/v2\/pages\/46\/revisions"}],"predecessor-version":[{"id":50,"href":"https:\/\/mireiamira.cat\/es\/wp-json\/wp\/v2\/pages\/46\/revisions\/50"}],"wp:attachment":[{"href":"https:\/\/mireiamira.cat\/es\/wp-json\/wp\/v2\/media?parent=46"}],"curies":[{"name":"wp","href":"https:\/\/api.w.org\/{rel}","templated":true}]}}