{"id":449,"date":"2026-01-04T09:39:48","date_gmt":"2026-01-04T09:39:48","guid":{"rendered":"https:\/\/mireiamira.cat\/?page_id=449"},"modified":"2026-01-13T16:16:11","modified_gmt":"2026-01-13T16:16:11","slug":"il-lustra-el-teu-dol","status":"publish","type":"page","link":"https:\/\/mireiamira.cat\/es\/serveis\/il-lustra-el-teu-dol\/","title":{"rendered":"Ilustra tu duelo"},"content":{"rendered":"<div class=\"wp-block-cover alignfull is-light\"><img loading=\"lazy\" decoding=\"async\" width=\"1024\" height=\"683\" class=\"wp-block-cover__image-background wp-image-451 size-large\" alt=\"\" src=\"http:\/\/mireiamira.cat\/wp-content\/uploads\/2026\/01\/20251206_22-1024x683.jpg\" data-object-fit=\"cover\" srcset=\"https:\/\/mireiamira.cat\/wp-content\/uploads\/2026\/01\/20251206_22-1024x683.jpg 1024w, https:\/\/mireiamira.cat\/wp-content\/uploads\/2026\/01\/20251206_22-scaled-600x400.jpg 600w, https:\/\/mireiamira.cat\/wp-content\/uploads\/2026\/01\/20251206_22-300x200.jpg 300w, https:\/\/mireiamira.cat\/wp-content\/uploads\/2026\/01\/20251206_22-768x512.jpg 768w, https:\/\/mireiamira.cat\/wp-content\/uploads\/2026\/01\/20251206_22-1536x1024.jpg 1536w, https:\/\/mireiamira.cat\/wp-content\/uploads\/2026\/01\/20251206_22-2048x1365.jpg 2048w\" sizes=\"auto, (max-width: 1024px) 100vw, 1024px\" \/><span aria-hidden=\"true\" class=\"wp-block-cover__background has-background-dim\" style=\"background-color:#998c71\"><\/span><div class=\"wp-block-cover__inner-container has-global-padding is-layout-constrained wp-block-cover-is-layout-constrained\">\n<figure class=\"wp-block-image aligncenter size-large is-resized\"><img loading=\"lazy\" decoding=\"async\" width=\"1024\" height=\"1024\" src=\"https:\/\/mireiamira.cat\/wp-content\/uploads\/2026\/01\/icon5-1024x1024.png\" alt=\"\" class=\"wp-image-522\" style=\"width:140px\" srcset=\"https:\/\/mireiamira.cat\/wp-content\/uploads\/2026\/01\/icon5-1024x1024.png 1024w, https:\/\/mireiamira.cat\/wp-content\/uploads\/2026\/01\/icon5-300x300.png 300w, https:\/\/mireiamira.cat\/wp-content\/uploads\/2026\/01\/icon5-100x100.png 100w, https:\/\/mireiamira.cat\/wp-content\/uploads\/2026\/01\/icon5-600x599.png 600w, https:\/\/mireiamira.cat\/wp-content\/uploads\/2026\/01\/icon5-150x150.png 150w, https:\/\/mireiamira.cat\/wp-content\/uploads\/2026\/01\/icon5-768x767.png 768w, https:\/\/mireiamira.cat\/wp-content\/uploads\/2026\/01\/icon5.png 1159w\" sizes=\"auto, (max-width: 1024px) 100vw, 1024px\" \/><\/figure>\n\n\n\n<h2 class=\"wp-block-heading has-text-align-center has-base-color has-text-color has-link-color wp-elements-6c0c4dc003e726c385cea8698e778297\">Ilustra tu duelo<\/h2>\n\n\n\n<div class=\"wp-block-group has-global-padding is-layout-constrained wp-block-group-is-layout-constrained\" style=\"padding-bottom:var(--wp--preset--spacing--40)\">\n<p class=\"has-text-align-center has-base-color has-text-color has-link-color wp-elements-3f6cd44c3277f701d62a96668acb883c\"><strong>Ilustraciones para honrar  los ciclos de vida breves que han habitado tu cuerpo.<\/strong><\/p>\n<\/div>\n<\/div><\/div>\n\n\n\n<div class=\"wp-block-group alignwide has-global-padding is-layout-constrained wp-block-group-is-layout-constrained\">\n<div class=\"wp-block-group is-content-justification-center is-nowrap is-layout-flex wp-container-core-group-is-layout-23441af8 wp-block-group-is-layout-flex\">\n<figure class=\"wp-block-image size-full is-resized\"><img loading=\"lazy\" decoding=\"async\" width=\"230\" height=\"484\" src=\"http:\/\/mireiamira.cat\/wp-content\/uploads\/2025\/11\/5.png\" alt=\"\" class=\"wp-image-274\" style=\"width:31px;height:auto\" srcset=\"https:\/\/mireiamira.cat\/wp-content\/uploads\/2025\/11\/5.png 230w, https:\/\/mireiamira.cat\/wp-content\/uploads\/2025\/11\/5-143x300.png 143w\" sizes=\"auto, (max-width: 230px) 100vw, 230px\" \/><\/figure>\n\n\n\n<h2 class=\"wp-block-heading has-accent-5-color has-text-color has-link-color wp-elements-fbb08a232009c5310fe731c068d9f3cd\">Ilustra tu duelo<\/h2>\n<\/div>\n\n\n\n<p class=\"has-text-align-center\"><strong>Presencial y Online<\/strong><\/p>\n\n\n\n<div class=\"wp-block-group alignwide has-global-padding is-layout-constrained wp-container-core-group-is-layout-bea02a06 wp-block-group-is-layout-constrained\">\n<p>A menudo busco palabras para estar m\u00e1s cerca, poder compartir, hacer visible, humanizar la muerte gestacional y neonatal y me es dif\u00edcil. Entonces dibujo, dibujo para m\u00ed y para las madres lo que me susurran sus silencios\u2026es la manera que he encontrado de acunar la muerte, de acunaros y acariciar la belleza que desprende vuestra historia.<\/p>\n<\/div>\n\n\n\n<div class=\"wp-block-group alignwide has-global-padding is-layout-constrained wp-container-core-group-is-layout-21f378d8 wp-block-group-is-layout-constrained\" style=\"padding-top:0;padding-bottom:0\">\n<div class=\"wp-block-columns is-layout-flex wp-container-core-columns-is-layout-26ad6e46 wp-block-columns-is-layout-flex\" style=\"padding-top:0;padding-bottom:var(--wp--preset--spacing--50)\">\n<div class=\"wp-block-column is-vertically-aligned-center is-layout-flow wp-block-column-is-layout-flow\" style=\"flex-basis:40%\">\n<figure class=\"wp-block-image aligncenter size-large is-resized has-custom-border\"><img loading=\"lazy\" decoding=\"async\" width=\"683\" height=\"1024\" src=\"https:\/\/mireiamira.cat\/wp-content\/uploads\/2026\/01\/20251206_27-683x1024.jpg\" alt=\"\" class=\"wp-image-523\" style=\"border-radius:40px;aspect-ratio:3\/4;object-fit:cover;width:395px;height:auto\" srcset=\"https:\/\/mireiamira.cat\/wp-content\/uploads\/2026\/01\/20251206_27-683x1024.jpg 683w, https:\/\/mireiamira.cat\/wp-content\/uploads\/2026\/01\/20251206_27-scaled-600x900.jpg 600w, https:\/\/mireiamira.cat\/wp-content\/uploads\/2026\/01\/20251206_27-200x300.jpg 200w, https:\/\/mireiamira.cat\/wp-content\/uploads\/2026\/01\/20251206_27-768x1152.jpg 768w, https:\/\/mireiamira.cat\/wp-content\/uploads\/2026\/01\/20251206_27-1024x1536.jpg 1024w, https:\/\/mireiamira.cat\/wp-content\/uploads\/2026\/01\/20251206_27-1365x2048.jpg 1365w, https:\/\/mireiamira.cat\/wp-content\/uploads\/2026\/01\/20251206_27-scaled.jpg 1707w\" sizes=\"auto, (max-width: 683px) 100vw, 683px\" \/><\/figure>\n<\/div>\n\n\n\n<div class=\"wp-block-column is-vertically-aligned-top is-layout-flow wp-block-column-is-layout-flow\" style=\"flex-basis:60%\">\n<p class=\"has-afacad-font-family has-medium-font-size\">\u00bfEn qu\u00e9 consiste?<\/p>\n\n\n\n<p>Una sesi\u00f3n de hora y media para acoger el duelo por la muerte prematura de tu hijo o hija, un espacio para compartir lo que imaginas, sientes, vives y dueles. Te escucho, te acompa\u00f1o y juntas daremos forma a las im\u00e1genes que resignifiquen tu sentir.<\/p>\n\n\n\n<p>Durante los d\u00edas siguientes a la sesi\u00f3n con todo lo compartido, te dibujo, os dibujo y te hago llegar una ilustraci\u00f3n con acuarelas personalizada.\u00a0<\/p>\n\n\n\n<p>Precio pack ilustro tu duelo cuesta 170 euros. (m\u00e1s gastos de env\u00edo)<\/p>\n\n\n\n<div class=\"wp-block-buttons is-content-justification-left is-layout-flex wp-container-core-buttons-is-layout-fc4fd283 wp-block-buttons-is-layout-flex\">\n<div class=\"wp-block-button\"><a class=\"wp-block-button__link has-accent-2-background-color has-background wp-element-button\" href=\"https:\/\/mireiamira.cat\/es\/contacte\/\">Saber m\u00e1s<\/a><\/div>\n<\/div>\n<\/div>\n<\/div>\n<\/div>\n<\/div>","protected":false},"excerpt":{"rendered":"<p>Il\u00b7lustra el teu dol Presencial i Online Sovint busco paraules per poder estar m\u00e9s aprop, poder compartir, fer visible,&nbsp; humanitzar la mort gestacional i neonatal i m\u2019\u00e9s dif\u00edcil. Aleshores dibuixo, dibuixo per mi i per les mares el que em xiuxiuegen els seus silencis\u2026\u00e9s la manera que he trobat de bressolar la mort, de bressolar-vos [&hellip;]<\/p>","protected":false},"author":1,"featured_media":0,"parent":107,"menu_order":0,"comment_status":"closed","ping_status":"closed","template":"page-no-title","meta":{"footnotes":""},"class_list":["post-449","page","type-page","status-publish","hentry"],"aioseo_notices":[],"_hostinger_reach_plugin_has_subscription_block":false,"_hostinger_reach_plugin_is_elementor":false,"_links":{"self":[{"href":"https:\/\/mireiamira.cat\/es\/wp-json\/wp\/v2\/pages\/449","targetHints":{"allow":["GET"]}}],"collection":[{"href":"https:\/\/mireiamira.cat\/es\/wp-json\/wp\/v2\/pages"}],"about":[{"href":"https:\/\/mireiamira.cat\/es\/wp-json\/wp\/v2\/types\/page"}],"author":[{"embeddable":true,"href":"https:\/\/mireiamira.cat\/es\/wp-json\/wp\/v2\/users\/1"}],"replies":[{"embeddable":true,"href":"https:\/\/mireiamira.cat\/es\/wp-json\/wp\/v2\/comments?post=449"}],"version-history":[{"count":11,"href":"https:\/\/mireiamira.cat\/es\/wp-json\/wp\/v2\/pages\/449\/revisions"}],"predecessor-version":[{"id":656,"href":"https:\/\/mireiamira.cat\/es\/wp-json\/wp\/v2\/pages\/449\/revisions\/656"}],"up":[{"embeddable":true,"href":"https:\/\/mireiamira.cat\/es\/wp-json\/wp\/v2\/pages\/107"}],"wp:attachment":[{"href":"https:\/\/mireiamira.cat\/es\/wp-json\/wp\/v2\/media?parent=449"}],"curies":[{"name":"wp","href":"https:\/\/api.w.org\/{rel}","templated":true}]}}