{"id":399,"date":"2025-12-02T10:55:17","date_gmt":"2025-12-02T10:55:17","guid":{"rendered":"https:\/\/mireiamira.cat\/?page_id=399"},"modified":"2026-01-17T11:18:50","modified_gmt":"2026-01-17T11:18:50","slug":"xerrades-i-tallers","status":"publish","type":"page","link":"https:\/\/mireiamira.cat\/es\/xerrades-i-tallers\/","title":{"rendered":"Charlas y talleres"},"content":{"rendered":"<div class=\"wp-block-cover alignfull\"><img loading=\"lazy\" decoding=\"async\" width=\"1024\" height=\"683\" class=\"wp-block-cover__image-background wp-image-436 size-large\" alt=\"\" src=\"http:\/\/mireiamira.cat\/wp-content\/uploads\/2026\/01\/20251206_37-1024x683.jpg\" data-object-fit=\"cover\" srcset=\"https:\/\/mireiamira.cat\/wp-content\/uploads\/2026\/01\/20251206_37-1024x683.jpg 1024w, https:\/\/mireiamira.cat\/wp-content\/uploads\/2026\/01\/20251206_37-scaled-600x400.jpg 600w, https:\/\/mireiamira.cat\/wp-content\/uploads\/2026\/01\/20251206_37-300x200.jpg 300w, https:\/\/mireiamira.cat\/wp-content\/uploads\/2026\/01\/20251206_37-768x512.jpg 768w, https:\/\/mireiamira.cat\/wp-content\/uploads\/2026\/01\/20251206_37-1536x1024.jpg 1536w, https:\/\/mireiamira.cat\/wp-content\/uploads\/2026\/01\/20251206_37-2048x1365.jpg 2048w\" sizes=\"auto, (max-width: 1024px) 100vw, 1024px\" \/><span aria-hidden=\"true\" class=\"wp-block-cover__background has-background-dim\" style=\"background-color:#655e5c\"><\/span><div class=\"wp-block-cover__inner-container has-global-padding is-layout-constrained wp-block-cover-is-layout-constrained\">\n<div class=\"wp-block-group has-global-padding is-layout-constrained wp-block-group-is-layout-constrained\">\n<figure class=\"wp-block-image aligncenter size-large is-resized\"><img loading=\"lazy\" decoding=\"async\" width=\"1024\" height=\"1024\" src=\"https:\/\/mireiamira.cat\/wp-content\/uploads\/2026\/01\/icon2-1024x1024.png\" alt=\"\" class=\"wp-image-507\" style=\"width:140px\" srcset=\"https:\/\/mireiamira.cat\/wp-content\/uploads\/2026\/01\/icon2-1024x1024.png 1024w, https:\/\/mireiamira.cat\/wp-content\/uploads\/2026\/01\/icon2-300x300.png 300w, https:\/\/mireiamira.cat\/wp-content\/uploads\/2026\/01\/icon2-100x100.png 100w, https:\/\/mireiamira.cat\/wp-content\/uploads\/2026\/01\/icon2-600x599.png 600w, https:\/\/mireiamira.cat\/wp-content\/uploads\/2026\/01\/icon2-150x150.png 150w, https:\/\/mireiamira.cat\/wp-content\/uploads\/2026\/01\/icon2-768x767.png 768w, https:\/\/mireiamira.cat\/wp-content\/uploads\/2026\/01\/icon2.png 1159w\" sizes=\"auto, (max-width: 1024px) 100vw, 1024px\" \/><\/figure>\n\n\n\n<h2 class=\"wp-block-heading has-text-align-center has-base-color has-text-color has-link-color wp-elements-555b58142718593e613305cce4051b51\">Charlas y talleres<\/h2>\n\n\n\n<p class=\"has-text-align-center has-base-color has-text-color has-link-color wp-elements-3a86f4bc70c50f8b294a3b808ddb8e95\"><strong>La muerte y yo<\/strong><\/p>\n\n\n\n<p class=\"has-text-align-center has-base-color has-text-color has-link-color wp-elements-5ebdb9fb911e430aef31a5ea039ccff0\"><strong>Criando malvas<\/strong><\/p>\n<\/div>\n<\/div><\/div>\n\n\n\n<div class=\"wp-block-group alignwide has-global-padding is-layout-constrained wp-container-core-group-is-layout-bea02a06 wp-block-group-is-layout-constrained\">\n<div class=\"wp-block-group is-content-justification-center is-nowrap is-layout-flex wp-container-core-group-is-layout-23441af8 wp-block-group-is-layout-flex\">\n<figure class=\"wp-block-image size-large is-resized\"><img loading=\"lazy\" decoding=\"async\" width=\"1024\" height=\"1024\" src=\"https:\/\/mireiamira.cat\/wp-content\/uploads\/2026\/01\/icon2-1-1024x1024.png\" alt=\"\" class=\"wp-image-584\" style=\"width:55px;height:auto\" srcset=\"https:\/\/mireiamira.cat\/wp-content\/uploads\/2026\/01\/icon2-1-1024x1024.png 1024w, https:\/\/mireiamira.cat\/wp-content\/uploads\/2026\/01\/icon2-1-300x300.png 300w, https:\/\/mireiamira.cat\/wp-content\/uploads\/2026\/01\/icon2-1-100x100.png 100w, https:\/\/mireiamira.cat\/wp-content\/uploads\/2026\/01\/icon2-1-600x599.png 600w, https:\/\/mireiamira.cat\/wp-content\/uploads\/2026\/01\/icon2-1-150x150.png 150w, https:\/\/mireiamira.cat\/wp-content\/uploads\/2026\/01\/icon2-1-768x767.png 768w, https:\/\/mireiamira.cat\/wp-content\/uploads\/2026\/01\/icon2-1.png 1159w\" sizes=\"auto, (max-width: 1024px) 100vw, 1024px\" \/><\/figure>\n\n\n\n<h2 class=\"wp-block-heading has-text-align-center has-accent-5-color has-text-color has-link-color wp-elements-fa450013e2536972308f5fd0a86450f4\">Charlas y talleres<\/h2>\n<\/div>\n\n\n\n<p>Ofrezco espacios abiertos de pedagog\u00eda de la muerte a trav\u00e9s de charlas y talleres para centros educativos, escuelas y proyectos privados, con la intenci\u00f3n de difundir una nueva conciencia del morir, de devolvernos la muerte como algo que nos pertenece, como parte de la vida, de pertenencia al sistema, al grupo y en conexi\u00f3n con la naturaleza que somos.<\/p>\n<\/div>\n\n\n\n<div class=\"wp-block-group alignwide has-global-padding is-layout-constrained wp-container-core-group-is-layout-21f378d8 wp-block-group-is-layout-constrained\" style=\"padding-top:0;padding-bottom:0\">\n<div class=\"wp-block-columns is-layout-flex wp-container-core-columns-is-layout-26ad6e46 wp-block-columns-is-layout-flex\" style=\"padding-top:0;padding-bottom:var(--wp--preset--spacing--50)\">\n<div class=\"wp-block-column is-vertically-aligned-center is-layout-flow wp-block-column-is-layout-flow\" style=\"flex-basis:40%\">\n<figure class=\"wp-block-image aligncenter size-large is-resized has-custom-border\"><img loading=\"lazy\" decoding=\"async\" width=\"1024\" height=\"683\" src=\"http:\/\/mireiamira.cat\/wp-content\/uploads\/2026\/01\/20251206_48-1-1024x683.jpg\" alt=\"\" class=\"wp-image-505\" style=\"border-radius:40px;aspect-ratio:3\/4;object-fit:cover;width:395px;height:auto\" srcset=\"https:\/\/mireiamira.cat\/wp-content\/uploads\/2026\/01\/20251206_48-1-1024x683.jpg 1024w, https:\/\/mireiamira.cat\/wp-content\/uploads\/2026\/01\/20251206_48-1-scaled-600x400.jpg 600w, https:\/\/mireiamira.cat\/wp-content\/uploads\/2026\/01\/20251206_48-1-300x200.jpg 300w, https:\/\/mireiamira.cat\/wp-content\/uploads\/2026\/01\/20251206_48-1-768x512.jpg 768w, https:\/\/mireiamira.cat\/wp-content\/uploads\/2026\/01\/20251206_48-1-1536x1024.jpg 1536w, https:\/\/mireiamira.cat\/wp-content\/uploads\/2026\/01\/20251206_48-1-2048x1365.jpg 2048w\" sizes=\"auto, (max-width: 1024px) 100vw, 1024px\" \/><\/figure>\n<\/div>\n\n\n\n<div class=\"wp-block-column is-vertically-aligned-top is-layout-flow wp-block-column-is-layout-flow\" style=\"flex-basis:60%\">\n<p class=\"has-afacad-font-family has-medium-font-size\">Las charlas tienen una duraci\u00f3n de dos horas; con el deseo de cuidar las inquietudes de las asistentes, puede alargarse el tiempo para atender a las preguntas necesarias. Profundizamos en temas como los siguientes:<br>\u201cC\u00f3mo hablar de la muerte con los ni\u00f1os\".<br>\u201c\u00bfC\u00f3mo puedo morirme? Las funerarias son la \u00fanica opci\u00f3n?\"\u201d<br>\u201cCiclos de vida breves\".Muertes gestacionales y neonatales, duelos desautorizados.<\/p>\n\n\n\n<p>Los talleres son experiencias que, adem\u00e1s de un marco te\u00f3rico, proponen din\u00e1micas vivenciales. Seg\u00fan el taller, pueden ser de un d\u00eda entero o de medio d\u00eda. Los talleres disponibles actualmente son:<br>\u201cLa muerte y yo\" y \"Criando malvas\" (ciclo de cinco encuentros para hablar de la muerte sin tab\u00faes).<\/p>\n\n\n\n<p class=\"has-afacad-font-family has-medium-font-size\">Si est\u00e1s interesada o necesitas otra propuesta, escr\u00edbeme; hablamos y te env\u00edo el dossier informativo con el contenido del taller o la charla, la duraci\u00f3n y el presupuesto.<\/p>\n<\/div>\n<\/div>\n<\/div>\n\n\n\n<div class=\"wp-block-cover alignfull is-light\" style=\"margin-top:0;margin-bottom:0;min-height:177px;aspect-ratio:unset;\"><span aria-hidden=\"true\" class=\"wp-block-cover__background has-background-dim\" style=\"background-color:#c29b5b\"><\/span><div class=\"wp-block-cover__inner-container has-global-padding is-layout-constrained wp-block-cover-is-layout-constrained\">\n<p class=\"has-text-align-center has-large-font-size\"><\/p>\n<\/div><\/div>\n\n\n\n<div class=\"wp-block-group alignwide has-global-padding is-layout-constrained wp-container-core-group-is-layout-acba6857 wp-block-group-is-layout-constrained\" style=\"padding-top:var(--wp--preset--spacing--50);padding-bottom:var(--wp--preset--spacing--50)\">\n<div class=\"wp-block-group alignwide has-global-padding is-layout-constrained wp-block-group-is-layout-constrained\">\n<div class=\"wp-block-columns alignwide are-vertically-aligned-center is-layout-flex wp-container-core-columns-is-layout-28f84493 wp-block-columns-is-layout-flex\">\n<div class=\"wp-block-column is-vertically-aligned-center is-layout-flow wp-block-column-is-layout-flow\" style=\"flex-basis:60%\">\n<h2 class=\"wp-block-heading has-contrast-color has-text-color has-link-color wp-elements-d20c4395af0c7fa903da18b10ca720ab\">Escr\u00edbeme y hablamos<\/h2>\n\n\n\n<hr class=\"wp-block-separator has-text-color has-accent-6-color has-alpha-channel-opacity has-accent-6-background-color has-background\"\/>\n\n\n<style id=\"wpforms-css-vars-80\">\n\t\t\t\t#wpforms-80 {\n\t\t\t\t--wpforms-field-border-radius: 20px;\n--wpforms-field-border-color: rgba(0, 0, 0, 0.25);\n--wpforms-field-border-color-spare: rgba(0, 0, 0, 0.25);\n--wpforms-field-text-color: rgba(0, 0, 0, 0.7);\n--wpforms-label-color: rgba(0, 0, 0, 0.85);\n--wpforms-label-sublabel-color: rgba(0, 0, 0, 0.55);\n--wpforms-label-error-color: #a66060;\n--wpforms-button-border-radius: 20px;\n--wpforms-button-background-color: #e7dad1;\n--wpforms-button-text-color: #141313;\n--wpforms-container-padding: 0px;\n--wpforms-container-border-width: 1px;\n--wpforms-container-border-radius: 3px;\n--wpforms-background-color: rgba(0, 0, 0, 0);\n--wpforms-field-size-input-height: 43px;\n--wpforms-field-size-input-spacing: 15px;\n--wpforms-field-size-font-size: 16px;\n--wpforms-field-size-line-height: 19px;\n--wpforms-field-size-padding-h: 14px;\n--wpforms-field-size-checkbox-size: 16px;\n--wpforms-field-size-sublabel-spacing: 5px;\n--wpforms-field-size-icon-size: 1;\n--wpforms-label-size-font-size: 16px;\n--wpforms-label-size-line-height: 19px;\n--wpforms-label-size-sublabel-font-size: 14px;\n--wpforms-label-size-sublabel-line-height: 17px;\n--wpforms-button-size-font-size: 17px;\n--wpforms-button-size-height: 41px;\n--wpforms-button-size-padding-h: 15px;\n--wpforms-button-size-margin-top: 10px;\n--wpforms-container-shadow-size-box-shadow: none;\n\t\t\t}\n\t\t\t<\/style><div class=\"wpforms-container wpforms-container-full wpforms-render-modern\" id=\"wpforms-80\"><form id=\"wpforms-form-80\" class=\"wpforms-validate wpforms-form wpforms-ajax-form\" data-formid=\"80\" method=\"post\" enctype=\"multipart\/form-data\" action=\"\/es\/wp-json\/wp\/v2\/pages\/399\" data-token=\"62ce3e972d14fe1da8f4f568376c5b6d\" data-token-time=\"1776689795\" data-trp-original-action=\"\/es\/wp-json\/wp\/v2\/pages\/399\"><noscript class=\"wpforms-error-noscript\">Por favor, activa JavaScript en tu navegador para completar este formulario.<\/noscript><div id=\"wpforms-error-noscript\" style=\"display: none;\">Por favor, activa JavaScript en tu navegador para completar este formulario.<\/div><div class=\"wpforms-field-container\">\t\t<div id=\"wpforms-80-field_4-container\"\n\t\t\tclass=\"wpforms-field wpforms-field-text\"\n\t\t\tdata-field-type=\"text\"\n\t\t\tdata-field-id=\"4\"\n\t\t\t>\n\t\t\t<label class=\"wpforms-field-label\" for=\"wpforms-80-field_4\" >Nom electr\u00f2nic i<\/label>\n\t\t\t<input type=\"text\" id=\"wpforms-80-field_4\" class=\"wpforms-field-medium\" name=\"wpforms[fields][4]\" >\n\t\t<\/div>\n\t\t<div id=\"wpforms-80-field_1-container\" class=\"wpforms-field wpforms-field-name\" data-field-id=\"1\"><label class=\"wpforms-field-label\" for=\"wpforms-80-field_1\">Nombre y Apellido <span class=\"wpforms-required-label\" aria-hidden=\"true\">*<\/span><\/label><input type=\"text\" id=\"wpforms-80-field_1\" class=\"wpforms-field-large wpforms-field-required\" name=\"wpforms[fields][1]\" aria-errormessage=\"wpforms-80-field_1-error\" required><\/div><div id=\"wpforms-80-field_2-container\" class=\"wpforms-field wpforms-field-email\" data-field-id=\"2\"><label class=\"wpforms-field-label\" for=\"wpforms-80-field_2\">Correo electr\u00f3nico <span class=\"wpforms-required-label\" aria-hidden=\"true\">*<\/span><\/label><input type=\"email\" id=\"wpforms-80-field_2\" class=\"wpforms-field-large wpforms-field-required\" name=\"wpforms[fields][2]\" spellcheck=\"false\" aria-errormessage=\"wpforms-80-field_2-error\" required><\/div><div id=\"wpforms-80-field_3-container\" class=\"wpforms-field wpforms-field-textarea\" data-field-id=\"3\"><label class=\"wpforms-field-label\" for=\"wpforms-80-field_3\">Mensaje<\/label><textarea id=\"wpforms-80-field_3\" class=\"wpforms-field-medium\" name=\"wpforms[fields][3]\" aria-errormessage=\"wpforms-80-field_3-error\" ><\/textarea><\/div><script>\n\t\t\t\t( function() {\n\t\t\t\t\tconst style = document.createElement( 'style' );\n\t\t\t\t\tstyle.appendChild( document.createTextNode( '#wpforms-80-field_4-container { position: absolute !important; overflow: hidden !important; display: inline !important; height: 1px !important; width: 1px !important; z-index: -1000 !important; padding: 0 !important; } #wpforms-80-field_4-container input { visibility: hidden; } #wpforms-conversational-form-page #wpforms-80-field_4-container label { counter-increment: none; }' ) );\n\t\t\t\t\tdocument.head.appendChild( style );\n\t\t\t\t\tdocument.currentScript?.remove();\n\t\t\t\t} )();\n\t\t\t<\/script><\/div><!-- .wpforms-field-container --><div class=\"wpforms-submit-container\" ><input type=\"hidden\" name=\"wpforms[id]\" value=\"80\"><input type=\"hidden\" name=\"page_title\" value=\"\"><input type=\"hidden\" name=\"page_url\" value=\"https:\/\/mireiamira.cat\/es\/wp-json\/wp\/v2\/pages\/399\"><input type=\"hidden\" name=\"url_referer\" value=\"\"><button type=\"submit\" name=\"wpforms[submit]\" id=\"wpforms-submit-80\" class=\"wpforms-submit\" data-alt-text=\"Enviant\" data-submit-text=\"Enviar\" aria-live=\"assertive\" value=\"wpforms-submit\">Enviar<\/button><img loading=\"lazy\" decoding=\"async\" src=\"https:\/\/mireiamira.cat\/wp-content\/plugins\/wpforms-lite\/assets\/images\/submit-spin.svg\" class=\"wpforms-submit-spinner\" style=\"display: none;\" width=\"26\" height=\"26\" alt=\"Cargando\"><\/div><input type=\"hidden\" name=\"trp-form-language\" value=\"es\"\/><\/form><\/div>  <!-- .wpforms-container -->\n<\/div>\n\n\n\n<div class=\"wp-block-column is-vertically-aligned-center is-layout-flow wp-block-column-is-layout-flow\" style=\"flex-basis:50%\">\n<figure class=\"wp-block-image aligncenter size-large is-resized has-custom-border is-style-rounded\"><img loading=\"lazy\" decoding=\"async\" width=\"683\" height=\"1024\" src=\"http:\/\/mireiamira.cat\/wp-content\/uploads\/2026\/01\/20251206_47-1-683x1024.jpg\" alt=\"\" class=\"wp-image-433\" style=\"border-radius:40px;aspect-ratio:0.75;object-fit:cover;width:271px;height:auto\" srcset=\"https:\/\/mireiamira.cat\/wp-content\/uploads\/2026\/01\/20251206_47-1-683x1024.jpg 683w, https:\/\/mireiamira.cat\/wp-content\/uploads\/2026\/01\/20251206_47-1-scaled-600x900.jpg 600w, https:\/\/mireiamira.cat\/wp-content\/uploads\/2026\/01\/20251206_47-1-200x300.jpg 200w, https:\/\/mireiamira.cat\/wp-content\/uploads\/2026\/01\/20251206_47-1-768x1152.jpg 768w, https:\/\/mireiamira.cat\/wp-content\/uploads\/2026\/01\/20251206_47-1-1024x1536.jpg 1024w, https:\/\/mireiamira.cat\/wp-content\/uploads\/2026\/01\/20251206_47-1-1365x2048.jpg 1365w, https:\/\/mireiamira.cat\/wp-content\/uploads\/2026\/01\/20251206_47-1-scaled.jpg 1707w\" sizes=\"auto, (max-width: 683px) 100vw, 683px\" \/><\/figure>\n<\/div>\n<\/div>\n<\/div>\n<\/div>\n\n\n\n<p><\/p>","protected":false},"excerpt":{"rendered":"<p>Xerrades i tallers Ofereixo espais oberts de pedagogia de la mort a trav\u00e9s de xerrades i tallers per a espais educatius, escoles i projectes privats, amb la intenci\u00f3 de difondre una nova consci\u00e8ncia del morir, de retornar-nos la mort com a quelcom que ens pertany, com a part de la vida, de pertinen\u00e7a al sistema, [&hellip;]<\/p>","protected":false},"author":1,"featured_media":0,"parent":0,"menu_order":0,"comment_status":"closed","ping_status":"closed","template":"page-no-title","meta":{"footnotes":""},"class_list":["post-399","page","type-page","status-publish","hentry"],"aioseo_notices":[],"_hostinger_reach_plugin_has_subscription_block":false,"_hostinger_reach_plugin_is_elementor":false,"_links":{"self":[{"href":"https:\/\/mireiamira.cat\/es\/wp-json\/wp\/v2\/pages\/399","targetHints":{"allow":["GET"]}}],"collection":[{"href":"https:\/\/mireiamira.cat\/es\/wp-json\/wp\/v2\/pages"}],"about":[{"href":"https:\/\/mireiamira.cat\/es\/wp-json\/wp\/v2\/types\/page"}],"author":[{"embeddable":true,"href":"https:\/\/mireiamira.cat\/es\/wp-json\/wp\/v2\/users\/1"}],"replies":[{"embeddable":true,"href":"https:\/\/mireiamira.cat\/es\/wp-json\/wp\/v2\/comments?post=399"}],"version-history":[{"count":12,"href":"https:\/\/mireiamira.cat\/es\/wp-json\/wp\/v2\/pages\/399\/revisions"}],"predecessor-version":[{"id":692,"href":"https:\/\/mireiamira.cat\/es\/wp-json\/wp\/v2\/pages\/399\/revisions\/692"}],"wp:attachment":[{"href":"https:\/\/mireiamira.cat\/es\/wp-json\/wp\/v2\/media?parent=399"}],"curies":[{"name":"wp","href":"https:\/\/api.w.org\/{rel}","templated":true}]}}