{"id":393,"date":"2025-12-02T10:49:50","date_gmt":"2025-12-02T10:49:50","guid":{"rendered":"https:\/\/mireiamira.cat\/?page_id=393"},"modified":"2026-01-13T16:13:44","modified_gmt":"2026-01-13T16:13:44","slug":"besso-solitari","status":"publish","type":"page","link":"https:\/\/mireiamira.cat\/es\/serveis\/besso-solitari\/","title":{"rendered":"Gemelo solitario"},"content":{"rendered":"<div class=\"wp-block-cover alignfull\"><img loading=\"lazy\" decoding=\"async\" width=\"1024\" height=\"683\" class=\"wp-block-cover__image-background wp-image-427 size-large\" alt=\"\" src=\"http:\/\/mireiamira.cat\/wp-content\/uploads\/2026\/01\/20251206_42-1024x683.jpg\" data-object-fit=\"cover\" srcset=\"https:\/\/mireiamira.cat\/wp-content\/uploads\/2026\/01\/20251206_42-1024x683.jpg 1024w, https:\/\/mireiamira.cat\/wp-content\/uploads\/2026\/01\/20251206_42-scaled-600x400.jpg 600w, https:\/\/mireiamira.cat\/wp-content\/uploads\/2026\/01\/20251206_42-300x200.jpg 300w, https:\/\/mireiamira.cat\/wp-content\/uploads\/2026\/01\/20251206_42-768x512.jpg 768w, https:\/\/mireiamira.cat\/wp-content\/uploads\/2026\/01\/20251206_42-1536x1024.jpg 1536w, https:\/\/mireiamira.cat\/wp-content\/uploads\/2026\/01\/20251206_42-2048x1365.jpg 2048w\" sizes=\"auto, (max-width: 1024px) 100vw, 1024px\" \/><span aria-hidden=\"true\" class=\"wp-block-cover__background has-background-dim\" style=\"background-color:#827264\"><\/span><div class=\"wp-block-cover__inner-container has-global-padding is-layout-constrained wp-block-cover-is-layout-constrained\">\n<figure class=\"wp-block-image aligncenter size-large is-resized\"><img loading=\"lazy\" decoding=\"async\" width=\"1024\" height=\"1024\" src=\"https:\/\/mireiamira.cat\/wp-content\/uploads\/2026\/01\/icon4-1024x1024.png\" alt=\"\" class=\"wp-image-518\" style=\"width:140px\" srcset=\"https:\/\/mireiamira.cat\/wp-content\/uploads\/2026\/01\/icon4-1024x1024.png 1024w, https:\/\/mireiamira.cat\/wp-content\/uploads\/2026\/01\/icon4-300x300.png 300w, https:\/\/mireiamira.cat\/wp-content\/uploads\/2026\/01\/icon4-100x100.png 100w, https:\/\/mireiamira.cat\/wp-content\/uploads\/2026\/01\/icon4-600x599.png 600w, https:\/\/mireiamira.cat\/wp-content\/uploads\/2026\/01\/icon4-150x150.png 150w, https:\/\/mireiamira.cat\/wp-content\/uploads\/2026\/01\/icon4-768x767.png 768w, https:\/\/mireiamira.cat\/wp-content\/uploads\/2026\/01\/icon4.png 1159w\" sizes=\"auto, (max-width: 1024px) 100vw, 1024px\" \/><\/figure>\n\n\n\n<h2 class=\"wp-block-heading has-text-align-center has-base-color has-text-color has-link-color wp-elements-95f767a605b31cfcdc960b85763ad615\">Gemelo solitario<\/h2>\n\n\n\n<div class=\"wp-block-group has-global-padding is-layout-constrained wp-block-group-is-layout-constrained\" style=\"padding-bottom:var(--wp--preset--spacing--40)\">\n<p class=\"has-text-align-center\"><strong>Sesiones individuales<\/strong><\/p>\n\n\n\n<p class=\"has-text-align-center\"><strong>Talleres de sanaci\u00f3n de gemelo solitario<\/strong><\/p>\n<\/div>\n<\/div><\/div>\n\n\n\n<div class=\"wp-block-group alignwide has-global-padding is-layout-constrained wp-container-core-group-is-layout-bea02a06 wp-block-group-is-layout-constrained\">\n<div class=\"wp-block-group is-content-justification-center is-nowrap is-layout-flex wp-container-core-group-is-layout-23441af8 wp-block-group-is-layout-flex\">\n<figure class=\"wp-block-image size-full is-resized\"><img loading=\"lazy\" decoding=\"async\" width=\"437\" height=\"282\" src=\"http:\/\/mireiamira.cat\/wp-content\/uploads\/2025\/12\/4.png\" alt=\"\" class=\"wp-image-396\" style=\"width:67px;height:auto\" srcset=\"https:\/\/mireiamira.cat\/wp-content\/uploads\/2025\/12\/4.png 437w, https:\/\/mireiamira.cat\/wp-content\/uploads\/2025\/12\/4-300x194.png 300w\" sizes=\"auto, (max-width: 437px) 100vw, 437px\" \/><\/figure>\n\n\n\n<h2 class=\"wp-block-heading has-accent-5-color has-text-color has-link-color wp-elements-e481db753fac970ee4cc58dd6a0370b9\">Sesiones individuales<\/h2>\n<\/div>\n\n\n\n<p>Entre un 10 y un 20 por ciento de las gestaciones comienza con un embarazo m\u00faltiple; la mayor\u00eda son gemelos. Empezar la vida acompa\u00f1ado y compartir espacio en el \u00fatero materno con un hermano que no llega a nacer con vida deja una huella en aquel que sobrevive.<\/p>\n\n\n\n<div class=\"wp-block-group alignwide has-global-padding is-layout-constrained wp-container-core-group-is-layout-21f378d8 wp-block-group-is-layout-constrained\" style=\"padding-top:0;padding-bottom:0\">\n<div class=\"wp-block-columns is-layout-flex wp-container-core-columns-is-layout-26ad6e46 wp-block-columns-is-layout-flex\" style=\"padding-top:0;padding-bottom:var(--wp--preset--spacing--50)\">\n<div class=\"wp-block-column is-vertically-aligned-center is-layout-flow wp-block-column-is-layout-flow\" style=\"flex-basis:40%\">\n<figure class=\"wp-block-image aligncenter size-large is-resized has-custom-border\"><img loading=\"lazy\" decoding=\"async\" width=\"1024\" height=\"683\" src=\"http:\/\/mireiamira.cat\/wp-content\/uploads\/2026\/01\/20251206_43-1024x683.jpg\" alt=\"\" class=\"wp-image-429\" style=\"border-radius:40px;aspect-ratio:4\/3;object-fit:cover;width:395px;height:auto\" srcset=\"https:\/\/mireiamira.cat\/wp-content\/uploads\/2026\/01\/20251206_43-1024x683.jpg 1024w, https:\/\/mireiamira.cat\/wp-content\/uploads\/2026\/01\/20251206_43-scaled-600x400.jpg 600w, https:\/\/mireiamira.cat\/wp-content\/uploads\/2026\/01\/20251206_43-300x200.jpg 300w, https:\/\/mireiamira.cat\/wp-content\/uploads\/2026\/01\/20251206_43-768x512.jpg 768w, https:\/\/mireiamira.cat\/wp-content\/uploads\/2026\/01\/20251206_43-1536x1024.jpg 1536w, https:\/\/mireiamira.cat\/wp-content\/uploads\/2026\/01\/20251206_43-2048x1365.jpg 2048w\" sizes=\"auto, (max-width: 1024px) 100vw, 1024px\" \/><\/figure>\n<\/div>\n\n\n\n<div class=\"wp-block-column is-vertically-aligned-top is-layout-flow wp-block-column-is-layout-flow\" style=\"flex-basis:60%\">\n<p class=\"has-afacad-font-family has-medium-font-size\">Adem\u00e1s, este hecho a menudo es desconocido, viviendo en nuestro inconsciente el impacto de la p\u00e9rdida y afectando directamente a nuestra forma de relacionarnos con la vida y con los v\u00ednculos. Si es tu caso o sospechas de que podr\u00edas ser un gemelo solitario, te acompa\u00f1o desde la propia vivencia y como parte del equipo de terapeutas de Ecos, pioneros en la divulgaci\u00f3n y el reconocimiento de los gemelos que han perdido a un hermano durante la gestaci\u00f3n o en el parto.<\/p>\n\n\n\n<div class=\"wp-block-buttons is-content-justification-left is-layout-flex wp-container-core-buttons-is-layout-fc4fd283 wp-block-buttons-is-layout-flex\">\n<div class=\"wp-block-button\"><a class=\"wp-block-button__link has-accent-2-background-color has-background wp-element-button\" href=\"https:\/\/mireiamira.cat\/es\/contacte\/\">Saber m\u00e1s<\/a><\/div>\n<\/div>\n<\/div>\n<\/div>\n<\/div>\n<\/div>\n\n\n\n<div class=\"wp-block-cover alignfull is-light\" style=\"margin-top:0;margin-bottom:0;min-height:177px;aspect-ratio:unset;\"><span aria-hidden=\"true\" class=\"wp-block-cover__background has-background-dim-100 has-background-dim\" style=\"background-color:#8a959b\"><\/span><div class=\"wp-block-cover__inner-container has-global-padding is-layout-constrained wp-block-cover-is-layout-constrained\">\n<p class=\"has-text-align-center has-large-font-size\"><\/p>\n<\/div><\/div>\n\n\n\n<div class=\"wp-block-group alignwide has-global-padding is-layout-constrained wp-container-core-group-is-layout-e28cce13 wp-block-group-is-layout-constrained\" style=\"padding-top:var(--wp--preset--spacing--40);padding-bottom:var(--wp--preset--spacing--40)\">\n<div class=\"wp-block-group is-content-justification-center is-nowrap is-layout-flex wp-container-core-group-is-layout-23441af8 wp-block-group-is-layout-flex\">\n<figure class=\"wp-block-image size-full is-resized\"><img loading=\"lazy\" decoding=\"async\" width=\"437\" height=\"282\" src=\"http:\/\/mireiamira.cat\/wp-content\/uploads\/2025\/12\/4.png\" alt=\"\" class=\"wp-image-396\" style=\"width:70px\" srcset=\"https:\/\/mireiamira.cat\/wp-content\/uploads\/2025\/12\/4.png 437w, https:\/\/mireiamira.cat\/wp-content\/uploads\/2025\/12\/4-300x194.png 300w\" sizes=\"auto, (max-width: 437px) 100vw, 437px\" \/><\/figure>\n\n\n\n<h2 class=\"wp-block-heading has-accent-5-color has-text-color has-link-color wp-elements-f25028c56ef34352dd221576dc880344\">Talleres de sanaci\u00f3n de gemelo solitario<\/h2>\n<\/div>\n\n\n\n<p>Constan de dos talleres independientes, de inicio y seguimiento, de fin de semana, en grupos reducidos de un m\u00e1ximo de 12 personas.<\/p>\n\n\n\n<div class=\"wp-block-columns is-layout-flex wp-container-core-columns-is-layout-26ad6e46 wp-block-columns-is-layout-flex\" style=\"padding-top:0;padding-bottom:var(--wp--preset--spacing--50)\">\n<div class=\"wp-block-column is-vertically-aligned-top is-layout-flow wp-block-column-is-layout-flow\" style=\"flex-basis:60%\">\n<p class=\"has-afacad-font-family has-medium-font-size\">A trav\u00e9s de diferentes propuestas de cuerpo, meditaciones, rituales terap\u00e9uticos y constelaciones familiares, nos adentramos en la huella que la ausencia de nuestro hermano o hermana ha dejado en nosotros y c\u00f3mo influye en la forma de relacionarnos con el trabajo, la pareja, los amigos, con nosotros mismos y, en definitiva, con la vida. La intenci\u00f3n es reconocer esta impronta, validar su existencia y darle un lugar, cuidando el proceso individual, a la vez que podemos compartir con otras personas con una vivencia similar a la nuestra.<\/p>\n\n\n\n<div class=\"wp-block-buttons is-content-justification-left is-layout-flex wp-container-core-buttons-is-layout-fc4fd283 wp-block-buttons-is-layout-flex\">\n<div class=\"wp-block-button\"><a class=\"wp-block-button__link has-accent-2-background-color has-background wp-element-button\" href=\"https:\/\/mireiamira.cat\/es\/contacte\/\">Saber m\u00e1s<\/a><\/div>\n<\/div>\n<\/div>\n\n\n\n<div class=\"wp-block-column is-vertically-aligned-center is-layout-flow wp-block-column-is-layout-flow\" style=\"flex-basis:40%\">\n<figure class=\"wp-block-image aligncenter size-large is-resized has-custom-border\"><img loading=\"lazy\" decoding=\"async\" width=\"683\" height=\"1024\" src=\"https:\/\/mireiamira.cat\/wp-content\/uploads\/2026\/01\/20251206_06-683x1024.jpg\" alt=\"\" class=\"wp-image-465\" style=\"border-radius:40px;aspect-ratio:4\/3;object-fit:cover;width:395px;height:auto\" srcset=\"https:\/\/mireiamira.cat\/wp-content\/uploads\/2026\/01\/20251206_06-683x1024.jpg 683w, https:\/\/mireiamira.cat\/wp-content\/uploads\/2026\/01\/20251206_06-scaled-600x900.jpg 600w, https:\/\/mireiamira.cat\/wp-content\/uploads\/2026\/01\/20251206_06-200x300.jpg 200w, https:\/\/mireiamira.cat\/wp-content\/uploads\/2026\/01\/20251206_06-768x1152.jpg 768w, https:\/\/mireiamira.cat\/wp-content\/uploads\/2026\/01\/20251206_06-1024x1536.jpg 1024w, https:\/\/mireiamira.cat\/wp-content\/uploads\/2026\/01\/20251206_06-1365x2048.jpg 1365w, https:\/\/mireiamira.cat\/wp-content\/uploads\/2026\/01\/20251206_06-scaled.jpg 1706w\" sizes=\"auto, (max-width: 683px) 100vw, 683px\" \/><\/figure>\n<\/div>\n<\/div>\n<\/div>","protected":false},"excerpt":{"rendered":"<p>Sessi\u00f3ns individuals Entre un 10 i un 20 per cent de les gestacions comen\u00e7a amb un embar\u00e0s m\u00faltiple; la majoria s\u00f3n bessons. Comen\u00e7ar la vida acompanyat i compartir espai dins l\u2019\u00fater matern amb un germ\u00e0 que no arriba a n\u00e9ixer amb vida deixa una empremta en aquell que sobreviu. A m\u00e9s a m\u00e9s, aquest fet [&hellip;]<\/p>","protected":false},"author":1,"featured_media":0,"parent":107,"menu_order":0,"comment_status":"closed","ping_status":"closed","template":"page-no-title","meta":{"footnotes":""},"class_list":["post-393","page","type-page","status-publish","hentry"],"aioseo_notices":[],"_hostinger_reach_plugin_has_subscription_block":false,"_hostinger_reach_plugin_is_elementor":false,"_links":{"self":[{"href":"https:\/\/mireiamira.cat\/es\/wp-json\/wp\/v2\/pages\/393","targetHints":{"allow":["GET"]}}],"collection":[{"href":"https:\/\/mireiamira.cat\/es\/wp-json\/wp\/v2\/pages"}],"about":[{"href":"https:\/\/mireiamira.cat\/es\/wp-json\/wp\/v2\/types\/page"}],"author":[{"embeddable":true,"href":"https:\/\/mireiamira.cat\/es\/wp-json\/wp\/v2\/users\/1"}],"replies":[{"embeddable":true,"href":"https:\/\/mireiamira.cat\/es\/wp-json\/wp\/v2\/comments?post=393"}],"version-history":[{"count":9,"href":"https:\/\/mireiamira.cat\/es\/wp-json\/wp\/v2\/pages\/393\/revisions"}],"predecessor-version":[{"id":655,"href":"https:\/\/mireiamira.cat\/es\/wp-json\/wp\/v2\/pages\/393\/revisions\/655"}],"up":[{"embeddable":true,"href":"https:\/\/mireiamira.cat\/es\/wp-json\/wp\/v2\/pages\/107"}],"wp:attachment":[{"href":"https:\/\/mireiamira.cat\/es\/wp-json\/wp\/v2\/media?parent=393"}],"curies":[{"name":"wp","href":"https:\/\/api.w.org\/{rel}","templated":true}]}}