{"id":384,"date":"2025-12-02T10:40:26","date_gmt":"2025-12-02T10:40:26","guid":{"rendered":"https:\/\/mireiamira.cat\/?page_id=384"},"modified":"2026-01-17T11:25:37","modified_gmt":"2026-01-17T11:25:37","slug":"doula-de-finals-de-vida","status":"publish","type":"page","link":"https:\/\/mireiamira.cat\/es\/serveis\/doula-de-finals-de-vida\/","title":{"rendered":"Doula de finales de Vida"},"content":{"rendered":"<div class=\"wp-block-cover alignfull\"><img loading=\"lazy\" decoding=\"async\" width=\"1024\" height=\"683\" class=\"wp-block-cover__image-background wp-image-510 size-large\" alt=\"\" src=\"http:\/\/mireiamira.cat\/wp-content\/uploads\/2026\/01\/20251206_31-1024x683.jpg\" data-object-fit=\"cover\" srcset=\"https:\/\/mireiamira.cat\/wp-content\/uploads\/2026\/01\/20251206_31-1024x683.jpg 1024w, https:\/\/mireiamira.cat\/wp-content\/uploads\/2026\/01\/20251206_31-scaled-600x400.jpg 600w, https:\/\/mireiamira.cat\/wp-content\/uploads\/2026\/01\/20251206_31-300x200.jpg 300w, https:\/\/mireiamira.cat\/wp-content\/uploads\/2026\/01\/20251206_31-768x512.jpg 768w, https:\/\/mireiamira.cat\/wp-content\/uploads\/2026\/01\/20251206_31-1536x1024.jpg 1536w, https:\/\/mireiamira.cat\/wp-content\/uploads\/2026\/01\/20251206_31-2048x1365.jpg 2048w\" sizes=\"auto, (max-width: 1024px) 100vw, 1024px\" \/><span aria-hidden=\"true\" class=\"wp-block-cover__background has-background-dim\" style=\"background-color:#504b49\"><\/span><div class=\"wp-block-cover__inner-container has-global-padding is-layout-constrained wp-block-cover-is-layout-constrained\">\n<figure class=\"wp-block-image aligncenter size-large is-resized\"><img loading=\"lazy\" decoding=\"async\" width=\"1024\" height=\"1024\" src=\"https:\/\/mireiamira.cat\/wp-content\/uploads\/2026\/01\/icon3-1024x1024.png\" alt=\"\" class=\"wp-image-511\" style=\"width:140px\" srcset=\"https:\/\/mireiamira.cat\/wp-content\/uploads\/2026\/01\/icon3-1024x1024.png 1024w, https:\/\/mireiamira.cat\/wp-content\/uploads\/2026\/01\/icon3-300x300.png 300w, https:\/\/mireiamira.cat\/wp-content\/uploads\/2026\/01\/icon3-100x100.png 100w, https:\/\/mireiamira.cat\/wp-content\/uploads\/2026\/01\/icon3-600x599.png 600w, https:\/\/mireiamira.cat\/wp-content\/uploads\/2026\/01\/icon3-150x150.png 150w, https:\/\/mireiamira.cat\/wp-content\/uploads\/2026\/01\/icon3-768x767.png 768w, https:\/\/mireiamira.cat\/wp-content\/uploads\/2026\/01\/icon3.png 1159w\" sizes=\"auto, (max-width: 1024px) 100vw, 1024px\" \/><\/figure>\n\n\n\n<h2 class=\"wp-block-heading has-text-align-center has-base-color has-text-color has-link-color wp-elements-955fe7fb6c5d23a43c4540d9929d0665\">Doula de finales de vida<\/h2>\n\n\n\n<div class=\"wp-block-group has-global-padding is-layout-constrained wp-block-group-is-layout-constrained\" style=\"padding-bottom:var(--wp--preset--spacing--40)\">\n<p class=\"has-text-align-center\"><strong>Acompa\u00f1amiento a final de vida y a la familia<\/strong><\/p>\n\n\n\n<p class=\"has-text-align-center\"><strong>Ceremonias y velatorios<\/strong><\/p>\n\n\n\n<p class=\"has-text-align-center\"><strong>Planificar tu funeral<\/strong><\/p>\n<\/div>\n<\/div><\/div>\n\n\n\n<div class=\"wp-block-group alignwide has-global-padding is-layout-constrained wp-block-group-is-layout-constrained\">\n<div class=\"wp-block-group is-content-justification-center is-nowrap is-layout-flex wp-container-core-group-is-layout-23441af8 wp-block-group-is-layout-flex\">\n<figure class=\"wp-block-image size-full is-resized\"><img loading=\"lazy\" decoding=\"async\" width=\"461\" height=\"343\" src=\"http:\/\/mireiamira.cat\/wp-content\/uploads\/2025\/11\/3.png\" alt=\"\" class=\"wp-image-273\" style=\"width:70px\" srcset=\"https:\/\/mireiamira.cat\/wp-content\/uploads\/2025\/11\/3.png 461w, https:\/\/mireiamira.cat\/wp-content\/uploads\/2025\/11\/3-300x223.png 300w\" sizes=\"auto, (max-width: 461px) 100vw, 461px\" \/><\/figure>\n\n\n\n<h2 class=\"wp-block-heading has-accent-5-color has-text-color has-link-color wp-elements-ac7576698123bf3eaf0c1ab59e7db22e\">Acompa\u00f1amiento a final de vida y a la familia<\/h2>\n<\/div>\n\n\n\n<div class=\"wp-block-group alignwide has-global-padding is-layout-constrained wp-container-core-group-is-layout-bea02a06 wp-block-group-is-layout-constrained\">\n<p>Ofrezco un acompa\u00f1amiento de escucha desde el coraz\u00f3n a personas que est\u00e1n al final de la vida y durante el momento de la transici\u00f3n. En el proceso prestamos atenci\u00f3n a la propia vida, a la necesidad de perd\u00f3n, a los asuntos no resueltos, a las preocupaciones y emociones que pueden aparecer y a la observaci\u00f3n del cuerpo y su transformaci\u00f3n como parte de la naturaleza. Siempre que sea posible la naturaleza ser\u00e1 nuestra gran aliada en este camino de conexi\u00f3n con la ciclicidad de la vida. .<\/p>\n<\/div>\n\n\n\n<div class=\"wp-block-group alignwide has-global-padding is-layout-constrained wp-container-core-group-is-layout-21f378d8 wp-block-group-is-layout-constrained\" style=\"padding-top:0;padding-bottom:0\">\n<div class=\"wp-block-columns is-layout-flex wp-container-core-columns-is-layout-26ad6e46 wp-block-columns-is-layout-flex\" style=\"padding-top:0;padding-bottom:var(--wp--preset--spacing--50)\">\n<div class=\"wp-block-column is-vertically-aligned-center is-layout-flow wp-block-column-is-layout-flow\" style=\"flex-basis:40%\">\n<figure class=\"wp-block-image aligncenter size-large is-resized has-custom-border\"><img loading=\"lazy\" decoding=\"async\" width=\"1024\" height=\"683\" src=\"https:\/\/mireiamira.cat\/wp-content\/uploads\/2026\/01\/20251206_29-1024x683.jpg\" alt=\"\" class=\"wp-image-460\" style=\"border-radius:40px;aspect-ratio:4\/3;object-fit:cover;width:395px;height:auto\" srcset=\"https:\/\/mireiamira.cat\/wp-content\/uploads\/2026\/01\/20251206_29-1024x683.jpg 1024w, https:\/\/mireiamira.cat\/wp-content\/uploads\/2026\/01\/20251206_29-scaled-600x400.jpg 600w, https:\/\/mireiamira.cat\/wp-content\/uploads\/2026\/01\/20251206_29-300x200.jpg 300w, https:\/\/mireiamira.cat\/wp-content\/uploads\/2026\/01\/20251206_29-768x512.jpg 768w, https:\/\/mireiamira.cat\/wp-content\/uploads\/2026\/01\/20251206_29-1536x1024.jpg 1536w, https:\/\/mireiamira.cat\/wp-content\/uploads\/2026\/01\/20251206_29-2048x1365.jpg 2048w\" sizes=\"auto, (max-width: 1024px) 100vw, 1024px\" \/><\/figure>\n<\/div>\n\n\n\n<div class=\"wp-block-column is-vertically-aligned-top is-layout-flow wp-block-column-is-layout-flow\" style=\"flex-basis:60%\">\n<p class=\"has-afacad-font-family has-medium-font-size\">Como doula mi mirada tambi\u00e9n est\u00e1 en la familia y en las personas por las que es importante esta muerte. Estando atenta a las preocupaciones y necesidades, coordinando la organizaci\u00f3n y dando asesoramiento durante el proceso, inform\u00e1ndole de posibles alternativas a las propuestas funerarias convencionales que se ajusten m\u00e1s a su sentir y preparando y asistiendo el velatorio en casa si fuera su opci\u00f3n.<\/p>\n\n\n\n<p class=\"has-afacad-font-family has-medium-font-size\">Tambi\u00e9n pod\u00e9is contratar mis servicios como acompa\u00f1ante al duelo.<\/p>\n\n\n\n<div class=\"wp-block-buttons is-content-justification-left is-layout-flex wp-container-core-buttons-is-layout-fc4fd283 wp-block-buttons-is-layout-flex\">\n<div class=\"wp-block-button\"><a class=\"wp-block-button__link has-accent-2-background-color has-background wp-element-button\" href=\"https:\/\/mireiamira.cat\/es\/contacte\/\">Saber m\u00e1s<\/a><\/div>\n<\/div>\n<\/div>\n<\/div>\n<\/div>\n<\/div>\n\n\n\n<div class=\"wp-block-cover alignfull is-light\" style=\"margin-top:0;margin-bottom:0;min-height:177px;aspect-ratio:unset;\"><span aria-hidden=\"true\" class=\"wp-block-cover__background has-background-dim-100 has-background-dim\" style=\"background-color:#a6866d\"><\/span><div class=\"wp-block-cover__inner-container has-global-padding is-layout-constrained wp-block-cover-is-layout-constrained\">\n<p class=\"has-text-align-center has-large-font-size\"><\/p>\n<\/div><\/div>\n\n\n\n<div class=\"wp-block-group alignwide has-global-padding is-layout-constrained wp-container-core-group-is-layout-e28cce13 wp-block-group-is-layout-constrained\" style=\"padding-top:var(--wp--preset--spacing--40);padding-bottom:var(--wp--preset--spacing--40)\">\n<div class=\"wp-block-group is-content-justification-center is-nowrap is-layout-flex wp-container-core-group-is-layout-23441af8 wp-block-group-is-layout-flex\">\n<figure class=\"wp-block-image size-full is-resized\"><img loading=\"lazy\" decoding=\"async\" width=\"461\" height=\"343\" src=\"http:\/\/mireiamira.cat\/wp-content\/uploads\/2025\/11\/3.png\" alt=\"\" class=\"wp-image-273\" style=\"width:70px\" srcset=\"https:\/\/mireiamira.cat\/wp-content\/uploads\/2025\/11\/3.png 461w, https:\/\/mireiamira.cat\/wp-content\/uploads\/2025\/11\/3-300x223.png 300w\" sizes=\"auto, (max-width: 461px) 100vw, 461px\" \/><\/figure>\n\n\n\n<h2 class=\"wp-block-heading has-accent-5-color has-text-color has-link-color wp-elements-6d101ca265a21e4b664528fc995e5449\">Ceremonias y velatorios<\/h2>\n<\/div>\n\n\n\n<p>Nacer y morir son momentos de transici\u00f3n, de paso de un estado conocido a uno nuevo lleno de incertidumbre. Celebramos la llegada de un nuevo miembro a nuestras vidas y, a menudo, nos es dif\u00edcil despedirnos, acoger el vac\u00edo que nos deja su ausencia. Dise\u00f1ar, en colaboraci\u00f3n con la familia y el entorno cercano, la ceremonia funeraria o la celebraci\u00f3n de rituales que recuerdan los momentos vividos, en sinton\u00eda con la esencia de la persona amada, nos ayuda a reconocer y poner en valor la vida. Me gusta especialmente encontrar la forma en que todas las edades puedan participar, cada uno pudiendo despedirse desde la relaci\u00f3n \u00fanica que ha vivido y vive con el difunto.<\/p>\n\n\n\n<div class=\"wp-block-columns is-layout-flex wp-container-core-columns-is-layout-26ad6e46 wp-block-columns-is-layout-flex\" style=\"padding-top:0;padding-bottom:var(--wp--preset--spacing--50)\">\n<div class=\"wp-block-column is-vertically-aligned-top is-layout-flow wp-block-column-is-layout-flow\" style=\"flex-basis:60%\">\n<p><strong>Los servicios que ofrezco:<\/strong><\/p>\n\n\n\n<ul class=\"wp-block-list\">\n<li><strong>Velatorio en casa:<\/strong> si decid\u00eds velar el cuerpo en casa, abriremos un espacio seguro donde despedirse en la intimidad; puede convertirse en un acto muy significativo, hermoso y creativo. Lavar el cuerpo, vestirlo, incluso decorar el ata\u00fad, hacer ofrendas de dibujos, flores, cuentos, cantos\u2026<\/li>\n\n\n\n<li><strong>Rituales individuales<\/strong>:Nos encontramos en una primera sesi\u00f3n para compartir tu experiencia de duelo y a partir de ah\u00ed creamos juntas un espacio \u00edntimo con elementos simb\u00f3licos propios de agradecimiento y culto.<\/li>\n\n\n\n<li><strong>Ceremonias y rituales en peque\u00f1o grupo<\/strong> (m\u00e1ximo 20 personas): Despu\u00e9s de escuchar la historia que os une en un encuentro con una o varias personas del grupo, dise\u00f1o un rito que tenga un sentido tanto colectivo como de reconocimiento individual.<\/li>\n\n\n\n<li><strong>Ceremonias en grupos grandes<\/strong>: En los grupos grandes tengo un papel m\u00e1s organizativo, ayudando a crear diferentes tareas teniendo en cuenta que todas las personas que lo deseen puedan colaborar desde el sitio m\u00e1s aut\u00e9ntico posible seg\u00fan la complicidad y relaci\u00f3n con el difunto.<\/li>\n<\/ul>\n\n\n\n<p class=\"has-afacad-font-family has-medium-font-size\">Ponte en contacto conmigo si quieres informaci\u00f3n m\u00e1s concreta y, juntas, definiremos la ceremonia o ritual que m\u00e1s se ajuste a tus deseos.<\/p>\n\n\n\n<div class=\"wp-block-buttons is-content-justification-left is-layout-flex wp-container-core-buttons-is-layout-fc4fd283 wp-block-buttons-is-layout-flex\">\n<div class=\"wp-block-button\"><a class=\"wp-block-button__link has-accent-2-background-color has-background wp-element-button\" href=\"https:\/\/mireiamira.cat\/es\/contacte\/\">Saber m\u00e1s<\/a><\/div>\n<\/div>\n<\/div>\n\n\n\n<div class=\"wp-block-column is-vertically-aligned-center is-layout-flow wp-block-column-is-layout-flow\" style=\"flex-basis:40%\">\n<figure class=\"wp-block-image aligncenter size-large is-resized has-custom-border\"><img loading=\"lazy\" decoding=\"async\" width=\"1024\" height=\"683\" src=\"https:\/\/mireiamira.cat\/wp-content\/uploads\/2026\/01\/20251206_36-1-1024x683.jpg\" alt=\"\" class=\"wp-image-461\" style=\"border-radius:40px;aspect-ratio:4\/3;object-fit:cover;width:395px;height:auto\" srcset=\"https:\/\/mireiamira.cat\/wp-content\/uploads\/2026\/01\/20251206_36-1-1024x683.jpg 1024w, https:\/\/mireiamira.cat\/wp-content\/uploads\/2026\/01\/20251206_36-1-scaled-600x400.jpg 600w, https:\/\/mireiamira.cat\/wp-content\/uploads\/2026\/01\/20251206_36-1-300x200.jpg 300w, https:\/\/mireiamira.cat\/wp-content\/uploads\/2026\/01\/20251206_36-1-768x512.jpg 768w, https:\/\/mireiamira.cat\/wp-content\/uploads\/2026\/01\/20251206_36-1-1536x1024.jpg 1536w, https:\/\/mireiamira.cat\/wp-content\/uploads\/2026\/01\/20251206_36-1-2048x1365.jpg 2048w\" sizes=\"auto, (max-width: 1024px) 100vw, 1024px\" \/><\/figure>\n<\/div>\n<\/div>\n<\/div>\n\n\n\n<div class=\"wp-block-cover alignfull is-light\" style=\"margin-top:0;margin-bottom:0;min-height:177px;aspect-ratio:unset;\"><span aria-hidden=\"true\" class=\"wp-block-cover__background has-accent-3-background-color has-background-dim-100 has-background-dim\"><\/span><div class=\"wp-block-cover__inner-container has-global-padding is-layout-constrained wp-block-cover-is-layout-constrained\">\n<p class=\"has-text-align-center has-large-font-size\"><\/p>\n<\/div><\/div>\n\n\n\n<div class=\"wp-block-group alignwide has-global-padding is-layout-constrained wp-container-core-group-is-layout-e28cce13 wp-block-group-is-layout-constrained\" style=\"padding-top:var(--wp--preset--spacing--40);padding-bottom:var(--wp--preset--spacing--40)\">\n<div class=\"wp-block-group is-content-justification-center is-nowrap is-layout-flex wp-container-core-group-is-layout-23441af8 wp-block-group-is-layout-flex\">\n<figure class=\"wp-block-image size-full is-resized\"><img loading=\"lazy\" decoding=\"async\" width=\"461\" height=\"343\" src=\"http:\/\/mireiamira.cat\/wp-content\/uploads\/2025\/11\/3.png\" alt=\"\" class=\"wp-image-273\" style=\"width:70px\" srcset=\"https:\/\/mireiamira.cat\/wp-content\/uploads\/2025\/11\/3.png 461w, https:\/\/mireiamira.cat\/wp-content\/uploads\/2025\/11\/3-300x223.png 300w\" sizes=\"auto, (max-width: 461px) 100vw, 461px\" \/><\/figure>\n\n\n\n<h2 class=\"wp-block-heading has-accent-5-color has-text-color has-link-color wp-elements-1fbedbfe4a746160a96f354236f781e1\">Planificar tu funeral<\/h2>\n<\/div>\n\n\n\n<p class=\"has-text-align-center\"><strong>Presencial y Online <\/strong><\/p>\n\n\n\n<p>Son sesiones dirigidas tanto a personas que se acercan al final de la vida como a personas de cualquier edad que quieran planificar, tener en orden y comunicar sus deseos durante la transici\u00f3n, la muerte en s\u00ed misma y el despu\u00e9s (ceremonias, testamentos\u2026).<\/p>\n\n\n\n<div class=\"wp-block-columns is-layout-flex wp-container-core-columns-is-layout-26ad6e46 wp-block-columns-is-layout-flex\" style=\"padding-top:0;padding-bottom:var(--wp--preset--spacing--50)\">\n<div class=\"wp-block-column is-vertically-aligned-center is-layout-flow wp-block-column-is-layout-flow\" style=\"flex-basis:40%\">\n<figure class=\"wp-block-image aligncenter size-large is-resized has-custom-border\"><img loading=\"lazy\" decoding=\"async\" width=\"1024\" height=\"683\" src=\"http:\/\/mireiamira.cat\/wp-content\/uploads\/2026\/01\/20251206_50-1024x683.jpg\" alt=\"\" class=\"wp-image-459\" style=\"border-radius:40px;aspect-ratio:4\/3;object-fit:cover;width:395px;height:auto\" srcset=\"https:\/\/mireiamira.cat\/wp-content\/uploads\/2026\/01\/20251206_50-1024x683.jpg 1024w, https:\/\/mireiamira.cat\/wp-content\/uploads\/2026\/01\/20251206_50-scaled-600x400.jpg 600w, https:\/\/mireiamira.cat\/wp-content\/uploads\/2026\/01\/20251206_50-300x200.jpg 300w, https:\/\/mireiamira.cat\/wp-content\/uploads\/2026\/01\/20251206_50-768x512.jpg 768w, https:\/\/mireiamira.cat\/wp-content\/uploads\/2026\/01\/20251206_50-1536x1024.jpg 1536w, https:\/\/mireiamira.cat\/wp-content\/uploads\/2026\/01\/20251206_50-2048x1365.jpg 2048w\" sizes=\"auto, (max-width: 1024px) 100vw, 1024px\" \/><\/figure>\n<\/div>\n\n\n\n<div class=\"wp-block-column is-vertically-aligned-top is-layout-flow wp-block-column-is-layout-flow\" style=\"flex-basis:60%\">\n<p class=\"has-afacad-font-family has-medium-font-size\">Adem\u00e1s de tener en cuenta cuestiones pr\u00e1cticas como el Documento de Voluntades Anticipadas, testamento vital, testamento emocional, \u00e9tico y espiritual, prepararemos un documento con la planificaci\u00f3n del propio funeral, alternativas a las funerarias, teniendo en cuenta la creaci\u00f3n del legado o, incluso, la preparaci\u00f3n de una celebraci\u00f3n para honrar la vida antes de morir que est\u00e9 en sinton\u00eda con tu esencia.<\/p>\n\n\n\n<p class=\"has-afacad-font-family has-medium-font-size\">Este servicio consta de dos sesiones de dos horas cada una<\/p>\n\n\n\n<div class=\"wp-block-buttons is-content-justification-left is-layout-flex wp-container-core-buttons-is-layout-fc4fd283 wp-block-buttons-is-layout-flex\">\n<div class=\"wp-block-button\"><a class=\"wp-block-button__link has-accent-2-background-color has-background wp-element-button\" href=\"https:\/\/mireiamira.cat\/es\/contacte\/\">Saber m\u00e1s<\/a><\/div>\n<\/div>\n<\/div>\n<\/div>\n<\/div>","protected":false},"excerpt":{"rendered":"<p>Acompanyament a final de vida i a la fam\u00edlia Ofereixo un acompanyament d\u2019escolta des del cor a persones que estan al final de la vida i durant el moment de la transici\u00f3. En el proc\u00e9s prenem atenci\u00f3 a la pr\u00f2pia vida, a la necessitat de perd\u00f3, als assumptes no resolts, a les preocupacions i emocions [&hellip;]<\/p>","protected":false},"author":1,"featured_media":0,"parent":107,"menu_order":0,"comment_status":"closed","ping_status":"closed","template":"page-no-title","meta":{"footnotes":""},"class_list":["post-384","page","type-page","status-publish","hentry"],"aioseo_notices":[],"_hostinger_reach_plugin_has_subscription_block":false,"_hostinger_reach_plugin_is_elementor":false,"_links":{"self":[{"href":"https:\/\/mireiamira.cat\/es\/wp-json\/wp\/v2\/pages\/384","targetHints":{"allow":["GET"]}}],"collection":[{"href":"https:\/\/mireiamira.cat\/es\/wp-json\/wp\/v2\/pages"}],"about":[{"href":"https:\/\/mireiamira.cat\/es\/wp-json\/wp\/v2\/types\/page"}],"author":[{"embeddable":true,"href":"https:\/\/mireiamira.cat\/es\/wp-json\/wp\/v2\/users\/1"}],"replies":[{"embeddable":true,"href":"https:\/\/mireiamira.cat\/es\/wp-json\/wp\/v2\/comments?post=384"}],"version-history":[{"count":12,"href":"https:\/\/mireiamira.cat\/es\/wp-json\/wp\/v2\/pages\/384\/revisions"}],"predecessor-version":[{"id":696,"href":"https:\/\/mireiamira.cat\/es\/wp-json\/wp\/v2\/pages\/384\/revisions\/696"}],"up":[{"embeddable":true,"href":"https:\/\/mireiamira.cat\/es\/wp-json\/wp\/v2\/pages\/107"}],"wp:attachment":[{"href":"https:\/\/mireiamira.cat\/es\/wp-json\/wp\/v2\/media?parent=384"}],"curies":[{"name":"wp","href":"https:\/\/api.w.org\/{rel}","templated":true}]}}