{"id":38,"date":"2025-11-22T20:06:48","date_gmt":"2025-11-22T20:06:48","guid":{"rendered":"https:\/\/mireiamira.cat\/?page_id=38"},"modified":"2026-02-02T14:49:37","modified_gmt":"2026-02-02T14:49:37","slug":"avis-legal","status":"publish","type":"page","link":"https:\/\/mireiamira.cat\/es\/avis-legal\/","title":{"rendered":"Av\u00eds Legal"},"content":{"rendered":"<div class=\"wp-block-group alignfull has-global-padding is-layout-constrained wp-container-core-group-is-layout-bea02a06 wp-block-group-is-layout-constrained\">\n<h2 class=\"wp-block-heading has-text-align-center has-large-font-size\">Aviso legal<\/h2>\n\n\n\n<hr class=\"wp-block-separator has-alpha-channel-opacity\"\/>\n\n\n\n<p>En cumplimiento de lo que establece la Ley 34\/2002, de 11 de julio, de servicios de la sociedad de la informaci\u00f3n y del comercio electr\u00f3nico (LSSI-CE), se pone a disposici\u00f3n de las personas usuarias la siguiente informaci\u00f3n legal del sitio web:<\/p>\n\n\n\n<h2 class=\"wp-block-heading\">Datos del responsable del sitio web<\/h2>\n\n\n\n<ul class=\"wp-block-list\">\n<li><strong>Nombre de la titular:<\/strong> Mireia Mira<\/li>\n\n\n\n<li class=\"has-medium-font-size\"><strong>Actividad profesional:<\/strong> Acompa\u00f1amiento como Doula de la muerte.<\/li>\n\n\n\n<li><strong>Correo electr\u00f3nico de contacto:<\/strong> info@mireiamira.cat<\/li>\n\n\n\n<li><strong>Web:<\/strong> <a>www.mireiamira.cat<\/a><\/li>\n<\/ul>\n\n\n\n<h2 class=\"wp-block-heading\">Objeto del sitio web<\/h2>\n\n\n\n<p>El presente sitio web tiene por finalidad ofrecer informaci\u00f3n sobre los servicios de acompa\u00f1amiento de Mireia Mira y facilitar el contacto con personas interesadas en los servicios profesionales que se ofrecen.<\/p>\n\n\n\n<hr class=\"wp-block-separator has-alpha-channel-opacity\"\/>\n\n\n\n<h2 class=\"wp-block-heading\">Condiciones de uso<\/h2>\n\n\n\n<p>El uso de este sitio web implica la aceptaci\u00f3n plena y sin reservas de las condiciones que se exponen a continuaci\u00f3n. El usuario o usuaria se compromete a utilizar el sitio web de forma l\u00edcita, respetuosa y adecuada, de acuerdo con la legislaci\u00f3n vigente.<\/p>\n\n\n\n<p>No se permite:<\/p>\n\n\n\n<ul class=\"wp-block-list\">\n<li>La reproducci\u00f3n total o parcial de los contenidos sin previa autorizaci\u00f3n.<\/li>\n\n\n\n<li>El uso del sitio con fines il\u00edcitos, maliciosos o que puedan da\u00f1ar el funcionamiento de la web o los derechos de terceros.<\/li>\n<\/ul>\n\n\n\n<h2 class=\"wp-block-heading\">Propiedad intelectual<\/h2>\n\n\n\n<p>Todos los contenidos de este sitio web (textos, im\u00e1genes, v\u00eddeos, logotipo, dise\u00f1o, estructura\u2026) son propiedad de Mireia Mira, a menos que se indique lo contrario, y est\u00e1n protegidos por la legislaci\u00f3n sobre propiedad intelectual e industrial.<\/p>\n\n\n\n<p>No est\u00e1 permitida su reproducci\u00f3n, distribuci\u00f3n ni comunicaci\u00f3n p\u00fablica sin el consentimiento expreso de la titular.<\/p>\n\n\n\n<h2 class=\"wp-block-heading\">Enlaces externos<\/h2>\n\n\n\n<p>Este sitio web puede contener enlaces a p\u00e1ginas de terceros. Mireia Mira no se hace responsable de los contenidos, servicios ni condiciones legales de estos sitios externos.<\/p>\n\n\n\n<h2 class=\"wp-block-heading\">Responsabilidad<\/h2>\n\n\n\n<p>La titular no se responsabiliza de los posibles da\u00f1os o perjuicios derivados de un mal uso del sitio web, interrupciones en el servicio o errores en la informaci\u00f3n publicada, aunque se compromete a mantener los contenidos actualizados y el sitio operativo en la medida de lo posible.<\/p>\n\n\n\n<h2 class=\"wp-block-heading\">Protecci\u00f3n de datos<\/h2>\n\n\n\n<p>El tratamiento de los datos personales facilitados a trav\u00e9s del sitio web se rige seg\u00fan la <strong>Pol\u00edtica de privacidad<\/strong>, que puedes consultar en el enlace correspondiente a pie de p\u00e1gina.<\/p>\n\n\n\n<h2 class=\"wp-block-heading\">Legislaci\u00f3n aplicable y jurisdicci\u00f3n<\/h2>\n\n\n\n<p>Este aviso legal se rige por la legislaci\u00f3n espa\u00f1ola y catalana. Cualquier controversia que pueda surgir en relaci\u00f3n con este sitio web deber\u00e1 resolverse ante los Juzgados y Tribunales correspondientes al domicilio de la titular, salvo que la normativa establezca otra cosa.<\/p>\n<\/div>","protected":false},"excerpt":{"rendered":"<p>Av\u00eds legal En compliment del que estableix la Llei 34\/2002, de l\u201911 de juliol, de serveis de la societat de la informaci\u00f3 i del comer\u00e7 electr\u00f2nic (LSSI-CE), es posa a disposici\u00f3 de les persones usu\u00e0ries la seg\u00fcent informaci\u00f3 legal del lloc web: Dades del responsable del lloc web Objecte del lloc web El present lloc [&hellip;]<\/p>","protected":false},"author":1,"featured_media":0,"parent":0,"menu_order":0,"comment_status":"closed","ping_status":"closed","template":"","meta":{"footnotes":""},"class_list":["post-38","page","type-page","status-publish","hentry"],"aioseo_notices":[],"_hostinger_reach_plugin_has_subscription_block":false,"_hostinger_reach_plugin_is_elementor":false,"_links":{"self":[{"href":"https:\/\/mireiamira.cat\/es\/wp-json\/wp\/v2\/pages\/38","targetHints":{"allow":["GET"]}}],"collection":[{"href":"https:\/\/mireiamira.cat\/es\/wp-json\/wp\/v2\/pages"}],"about":[{"href":"https:\/\/mireiamira.cat\/es\/wp-json\/wp\/v2\/types\/page"}],"author":[{"embeddable":true,"href":"https:\/\/mireiamira.cat\/es\/wp-json\/wp\/v2\/users\/1"}],"replies":[{"embeddable":true,"href":"https:\/\/mireiamira.cat\/es\/wp-json\/wp\/v2\/comments?post=38"}],"version-history":[{"count":4,"href":"https:\/\/mireiamira.cat\/es\/wp-json\/wp\/v2\/pages\/38\/revisions"}],"predecessor-version":[{"id":707,"href":"https:\/\/mireiamira.cat\/es\/wp-json\/wp\/v2\/pages\/38\/revisions\/707"}],"wp:attachment":[{"href":"https:\/\/mireiamira.cat\/es\/wp-json\/wp\/v2\/media?parent=38"}],"curies":[{"name":"wp","href":"https:\/\/api.w.org\/{rel}","templated":true}]}}