{"id":263,"date":"2025-11-27T19:49:50","date_gmt":"2025-11-27T19:49:50","guid":{"rendered":"https:\/\/mireiamira.cat\/?page_id=263"},"modified":"2026-01-18T12:03:20","modified_gmt":"2026-01-18T12:03:20","slug":"sobre-mi","status":"publish","type":"page","link":"https:\/\/mireiamira.cat\/es\/sobre-mi\/","title":{"rendered":"Sobre m\u00ed"},"content":{"rendered":"<div class=\"wp-block-cover alignfull\"><img loading=\"lazy\" decoding=\"async\" width=\"2560\" height=\"1707\" class=\"wp-block-cover__image-background wp-image-610 size-full\" alt=\"\" src=\"http:\/\/mireiamira.cat\/wp-content\/uploads\/2026\/01\/20251206_18-scaled.jpg\" data-object-fit=\"cover\" srcset=\"https:\/\/mireiamira.cat\/wp-content\/uploads\/2026\/01\/20251206_18-scaled.jpg 2560w, https:\/\/mireiamira.cat\/wp-content\/uploads\/2026\/01\/20251206_18-scaled-600x400.jpg 600w, https:\/\/mireiamira.cat\/wp-content\/uploads\/2026\/01\/20251206_18-300x200.jpg 300w, https:\/\/mireiamira.cat\/wp-content\/uploads\/2026\/01\/20251206_18-1024x683.jpg 1024w, https:\/\/mireiamira.cat\/wp-content\/uploads\/2026\/01\/20251206_18-768x512.jpg 768w, https:\/\/mireiamira.cat\/wp-content\/uploads\/2026\/01\/20251206_18-1536x1024.jpg 1536w, https:\/\/mireiamira.cat\/wp-content\/uploads\/2026\/01\/20251206_18-2048x1365.jpg 2048w\" sizes=\"auto, (max-width: 2560px) 100vw, 2560px\" \/><span aria-hidden=\"true\" class=\"wp-block-cover__background has-background-dim\" style=\"background-color:#6d5e50\"><\/span><div class=\"wp-block-cover__inner-container has-global-padding is-layout-constrained wp-block-cover-is-layout-constrained\">\n<p><\/p>\n<\/div><\/div>\n\n\n\n<div class=\"wp-block-group alignwide has-global-padding is-layout-constrained wp-container-core-group-is-layout-e28cce13 wp-block-group-is-layout-constrained\" style=\"padding-top:var(--wp--preset--spacing--40);padding-bottom:var(--wp--preset--spacing--40)\">\n<h2 class=\"wp-block-heading\">Soy Mireia Mira,<\/h2>\n\n\n\n<p>Desde la ternura, la presencia y la creatividad acompa\u00f1o a personas en el tr\u00e1nsito al final de la vida y a infancia y familias en procesos de duelo.<br>Me mueve un deseo profundo de humanizar y naturalizar la muerte, hacerla visible, nombrarla y acoger la ciclicidad del inicio y el final como elementos transformadores y \u00fanicos. He dedicado gran parte de mi vida profesional a los inicios de vida, acompa\u00f1ando a la peque\u00f1a infancia y familias en el marco de la educaci\u00f3n viva y como psicomotricista relacional.<\/p>\n<\/div>\n\n\n<div class=\"kb-row-layout-wrap kb-row-layout-id263_741921-48 alignfull has-theme-palette8-background-color kt-row-has-bg wp-block-kadence-rowlayout\"><div class=\"kt-row-column-wrap kt-has-2-columns kt-row-layout-equal kt-tab-layout-inherit kt-mobile-layout-row kt-row-valign-middle kb-theme-content-width\">\n\n<div class=\"wp-block-kadence-column kadence-column263_88613d-90 kb-section-dir-vertical inner-column-1\"><div class=\"kt-inside-inner-col\">\n<p class=\"kt-adv-heading263_13d4c7-84 wp-block-kadence-advancedheading has-theme-palette-4-color has-text-color\" data-kb-block=\"kb-adv-heading263_13d4c7-84\">Mi curiosidad por la muerte desde peque\u00f1a y la necesidad personal de transitar el dolor y la incomprensi\u00f3n de encontrar belleza en ella tom\u00f3 sentido al conocer que empec\u00e9 mi vida acompa\u00f1ada de un hermano gemelo que muri\u00f3 durante la gestaci\u00f3n. Fue mi primer amor y mi primer duelo.<br>A partir de ah\u00ed empez\u00f3 a desplegarse esta llamada, queriendo profundizar y explorar m\u00e1s en el camino de los finales de vida: el antes, el durante y el despu\u00e9s.<br>As\u00ed, he ido ampliando mi formaci\u00f3n como acompa\u00f1ante al duelo gestacional y neonatal con Noelia S\u00e1nchez; formo parte del equipo de terapeutas para gemelos solitarios de Ecos con Peter Bourquin y Carmen Cort\u00e9s, con quien tambi\u00e9n me he formado en constelaciones familiares y sist\u00e9micas, y soy doula de la muerte acreditada por Gemma Polo y Sophia Style.<br><\/p>\n<\/div><\/div>\n\n\n\n<div class=\"wp-block-kadence-column kadence-column263_ee8d47-4d inner-column-2\"><div class=\"kt-inside-inner-col\">\n<figure class=\"wp-block-kadence-image kb-image263_eb13df-76 size-large kb-image-is-ratio-size\"><div class=\"kb-is-ratio-image kb-image-ratio-port34\"><img loading=\"lazy\" decoding=\"async\" width=\"683\" height=\"1024\" src=\"https:\/\/mireiamira.cat\/wp-content\/uploads\/2026\/01\/20251206_09-683x1024.jpg\" alt=\"\" class=\"kb-img wp-image-600\" srcset=\"https:\/\/mireiamira.cat\/wp-content\/uploads\/2026\/01\/20251206_09-683x1024.jpg 683w, https:\/\/mireiamira.cat\/wp-content\/uploads\/2026\/01\/20251206_09-scaled-600x900.jpg 600w, https:\/\/mireiamira.cat\/wp-content\/uploads\/2026\/01\/20251206_09-200x300.jpg 200w, https:\/\/mireiamira.cat\/wp-content\/uploads\/2026\/01\/20251206_09-768x1152.jpg 768w, https:\/\/mireiamira.cat\/wp-content\/uploads\/2026\/01\/20251206_09-1024x1536.jpg 1024w, https:\/\/mireiamira.cat\/wp-content\/uploads\/2026\/01\/20251206_09-1365x2048.jpg 1365w, https:\/\/mireiamira.cat\/wp-content\/uploads\/2026\/01\/20251206_09-scaled.jpg 1707w\" sizes=\"auto, (max-width: 683px) 100vw, 683px\" \/><\/div><\/figure>\n<\/div><\/div>\n\n<\/div><\/div>\n\n\n<div class=\"wp-block-cover alignfull is-light\"><span aria-hidden=\"true\" class=\"wp-block-cover__background has-accent-1-background-color has-background-dim-30 has-background-dim\"><\/span><div class=\"wp-block-cover__inner-container has-global-padding is-layout-constrained wp-block-cover-is-layout-constrained\">\n<div class=\"wp-block-group alignwide has-global-padding is-layout-constrained wp-block-group-is-layout-constrained\" style=\"padding-top:var(--wp--preset--spacing--50);padding-bottom:var(--wp--preset--spacing--50)\">\n<h2 class=\"wp-block-heading has-text-align-center has-accent-5-color has-text-color has-link-color has-xx-large-font-size wp-elements-d5f6eb041f623c2ce1bdeece68630d3c\">Mis valores<\/h2>\n\n\n\n<div class=\"wp-block-columns alignwide is-layout-flex wp-container-core-columns-is-layout-0884d4d2 wp-block-columns-is-layout-flex\" style=\"margin-top:var(--wp--preset--spacing--50);margin-bottom:var(--wp--preset--spacing--50)\">\n<div class=\"wp-block-column is-layout-flow wp-block-column-is-layout-flow\">\n<figure class=\"wp-block-image aligncenter size-full is-resized\"><img loading=\"lazy\" decoding=\"async\" width=\"226\" height=\"439\" src=\"http:\/\/mireiamira.cat\/wp-content\/uploads\/2025\/11\/1-1.png\" alt=\"\" class=\"wp-image-267\" style=\"object-fit:contain;width:77px;height:130px\" srcset=\"https:\/\/mireiamira.cat\/wp-content\/uploads\/2025\/11\/1-1.png 226w, https:\/\/mireiamira.cat\/wp-content\/uploads\/2025\/11\/1-1-154x300.png 154w\" sizes=\"auto, (max-width: 226px) 100vw, 226px\" \/><\/figure>\n\n\n\n<p class=\"has-text-align-center\">Sensibilidad<\/p>\n<\/div>\n\n\n\n<div class=\"wp-block-column is-layout-flow wp-block-column-is-layout-flow\">\n<figure class=\"wp-block-image aligncenter size-full is-resized\"><img loading=\"lazy\" decoding=\"async\" width=\"329\" height=\"333\" src=\"https:\/\/mireiamira.cat\/wp-content\/uploads\/2025\/11\/2.png\" alt=\"\" class=\"wp-image-272\" style=\"width:auto;height:130px\" srcset=\"https:\/\/mireiamira.cat\/wp-content\/uploads\/2025\/11\/2.png 329w, https:\/\/mireiamira.cat\/wp-content\/uploads\/2025\/11\/2-100x100.png 100w, https:\/\/mireiamira.cat\/wp-content\/uploads\/2025\/11\/2-296x300.png 296w\" sizes=\"auto, (max-width: 329px) 100vw, 329px\" \/><\/figure>\n\n\n\n<p class=\"has-text-align-center\">Acogida<\/p>\n<\/div>\n\n\n\n<div class=\"wp-block-column is-layout-flow wp-block-column-is-layout-flow\">\n<figure class=\"wp-block-image aligncenter size-full is-resized\"><img loading=\"lazy\" decoding=\"async\" width=\"461\" height=\"343\" src=\"http:\/\/mireiamira.cat\/wp-content\/uploads\/2025\/11\/3.png\" alt=\"\" class=\"wp-image-273\" style=\"width:auto;height:130px\" srcset=\"https:\/\/mireiamira.cat\/wp-content\/uploads\/2025\/11\/3.png 461w, https:\/\/mireiamira.cat\/wp-content\/uploads\/2025\/11\/3-300x223.png 300w\" sizes=\"auto, (max-width: 461px) 100vw, 461px\" \/><\/figure>\n\n\n\n<p class=\"has-text-align-center\">Honra<\/p>\n<\/div>\n\n\n\n<div class=\"wp-block-column is-layout-flow wp-block-column-is-layout-flow\">\n<figure class=\"wp-block-image aligncenter size-full is-resized\"><img loading=\"lazy\" decoding=\"async\" width=\"230\" height=\"484\" src=\"https:\/\/mireiamira.cat\/wp-content\/uploads\/2025\/11\/5.png\" alt=\"\" class=\"wp-image-274\" style=\"object-fit:contain;width:73px;height:130px\" srcset=\"https:\/\/mireiamira.cat\/wp-content\/uploads\/2025\/11\/5.png 230w, https:\/\/mireiamira.cat\/wp-content\/uploads\/2025\/11\/5-143x300.png 143w\" sizes=\"auto, (max-width: 230px) 100vw, 230px\" \/><\/figure>\n\n\n\n<p class=\"has-text-align-center\">Creatividad<\/p>\n<\/div>\n<\/div>\n<\/div>\n<\/div><\/div>\n\n\n\n<div class=\"wp-block-group alignwide has-global-padding is-layout-constrained wp-container-core-group-is-layout-acba6857 wp-block-group-is-layout-constrained\" style=\"padding-top:var(--wp--preset--spacing--50);padding-bottom:var(--wp--preset--spacing--50)\">\n<div class=\"wp-block-columns alignwide are-vertically-aligned-center is-layout-flex wp-container-core-columns-is-layout-28f84493 wp-block-columns-is-layout-flex\">\n<div class=\"wp-block-column is-vertically-aligned-center is-layout-flow wp-block-column-is-layout-flow\" style=\"flex-basis:50%\">\n<figure class=\"wp-block-image aligncenter size-large is-resized has-custom-border\"><img loading=\"lazy\" decoding=\"async\" width=\"1024\" height=\"683\" src=\"https:\/\/mireiamira.cat\/wp-content\/uploads\/2026\/01\/20251206_391-1024x683.jpg\" alt=\"\" class=\"wp-image-607\" style=\"border-radius:40px;aspect-ratio:3\/4;object-fit:cover;width:311px;height:auto\" srcset=\"https:\/\/mireiamira.cat\/wp-content\/uploads\/2026\/01\/20251206_391-1024x683.jpg 1024w, https:\/\/mireiamira.cat\/wp-content\/uploads\/2026\/01\/20251206_391-scaled-600x400.jpg 600w, https:\/\/mireiamira.cat\/wp-content\/uploads\/2026\/01\/20251206_391-300x200.jpg 300w, https:\/\/mireiamira.cat\/wp-content\/uploads\/2026\/01\/20251206_391-768x512.jpg 768w, https:\/\/mireiamira.cat\/wp-content\/uploads\/2026\/01\/20251206_391-1536x1024.jpg 1536w, https:\/\/mireiamira.cat\/wp-content\/uploads\/2026\/01\/20251206_391-2048x1365.jpg 2048w\" sizes=\"auto, (max-width: 1024px) 100vw, 1024px\" \/><\/figure>\n<\/div>\n\n\n\n<div class=\"wp-block-column is-vertically-aligned-center is-layout-flow wp-block-column-is-layout-flow\" style=\"flex-basis:40%\">\n<h2 class=\"wp-block-heading has-accent-1-color has-text-color has-link-color wp-elements-311c1667d82d74f0f17736610e119eb8\">Escr\u00edbeme y hablamos<\/h2>\n\n\n\n<hr class=\"wp-block-separator has-text-color has-accent-1-color has-alpha-channel-opacity has-accent-1-background-color has-background\"\/>\n\n\n<style id=\"wpforms-css-vars-80\">\n\t\t\t\t#wpforms-80 {\n\t\t\t\t--wpforms-field-border-radius: 20px;\n--wpforms-field-border-color: rgba(0, 0, 0, 0.25);\n--wpforms-field-border-color-spare: rgba(0, 0, 0, 0.25);\n--wpforms-field-text-color: rgba(0, 0, 0, 0.7);\n--wpforms-label-color: rgba(0, 0, 0, 0.85);\n--wpforms-label-sublabel-color: rgba(0, 0, 0, 0.55);\n--wpforms-label-error-color: #a66060;\n--wpforms-button-border-radius: 20px;\n--wpforms-button-background-color: #e7dad1;\n--wpforms-button-text-color: #141313;\n--wpforms-container-padding: 0px;\n--wpforms-container-border-width: 1px;\n--wpforms-container-border-radius: 3px;\n--wpforms-background-color: rgba(0, 0, 0, 0);\n--wpforms-field-size-input-height: 43px;\n--wpforms-field-size-input-spacing: 15px;\n--wpforms-field-size-font-size: 16px;\n--wpforms-field-size-line-height: 19px;\n--wpforms-field-size-padding-h: 14px;\n--wpforms-field-size-checkbox-size: 16px;\n--wpforms-field-size-sublabel-spacing: 5px;\n--wpforms-field-size-icon-size: 1;\n--wpforms-label-size-font-size: 16px;\n--wpforms-label-size-line-height: 19px;\n--wpforms-label-size-sublabel-font-size: 14px;\n--wpforms-label-size-sublabel-line-height: 17px;\n--wpforms-button-size-font-size: 17px;\n--wpforms-button-size-height: 41px;\n--wpforms-button-size-padding-h: 15px;\n--wpforms-button-size-margin-top: 10px;\n--wpforms-container-shadow-size-box-shadow: none;\n\t\t\t}\n\t\t\t<\/style><div class=\"wpforms-container wpforms-container-full wpforms-render-modern\" id=\"wpforms-80\"><form id=\"wpforms-form-80\" class=\"wpforms-validate wpforms-form wpforms-ajax-form\" data-formid=\"80\" method=\"post\" enctype=\"multipart\/form-data\" action=\"\/es\/wp-json\/wp\/v2\/pages\/263\" data-token=\"62ce3e972d14fe1da8f4f568376c5b6d\" data-token-time=\"1776689754\" data-trp-original-action=\"\/es\/wp-json\/wp\/v2\/pages\/263\"><noscript class=\"wpforms-error-noscript\">Por favor, activa JavaScript en tu navegador para completar este formulario.<\/noscript><div id=\"wpforms-error-noscript\" style=\"display: none;\">Por favor, activa JavaScript en tu navegador para completar este formulario.<\/div><div class=\"wpforms-field-container\">\t\t<div id=\"wpforms-80-field_4-container\"\n\t\t\tclass=\"wpforms-field wpforms-field-text\"\n\t\t\tdata-field-type=\"text\"\n\t\t\tdata-field-id=\"4\"\n\t\t\t>\n\t\t\t<label class=\"wpforms-field-label\" for=\"wpforms-80-field_4\" >Nom i Correu<\/label>\n\t\t\t<input type=\"text\" id=\"wpforms-80-field_4\" class=\"wpforms-field-medium\" name=\"wpforms[fields][4]\" >\n\t\t<\/div>\n\t\t<div id=\"wpforms-80-field_1-container\" class=\"wpforms-field wpforms-field-name\" data-field-id=\"1\"><label class=\"wpforms-field-label\" for=\"wpforms-80-field_1\">Nombre y Apellido <span class=\"wpforms-required-label\" aria-hidden=\"true\">*<\/span><\/label><input type=\"text\" id=\"wpforms-80-field_1\" class=\"wpforms-field-large wpforms-field-required\" name=\"wpforms[fields][1]\" aria-errormessage=\"wpforms-80-field_1-error\" required><\/div><div id=\"wpforms-80-field_2-container\" class=\"wpforms-field wpforms-field-email\" data-field-id=\"2\"><label class=\"wpforms-field-label\" for=\"wpforms-80-field_2\">Correo electr\u00f3nico <span class=\"wpforms-required-label\" aria-hidden=\"true\">*<\/span><\/label><input type=\"email\" id=\"wpforms-80-field_2\" class=\"wpforms-field-large wpforms-field-required\" name=\"wpforms[fields][2]\" spellcheck=\"false\" aria-errormessage=\"wpforms-80-field_2-error\" required><\/div><div id=\"wpforms-80-field_3-container\" class=\"wpforms-field wpforms-field-textarea\" data-field-id=\"3\"><label class=\"wpforms-field-label\" for=\"wpforms-80-field_3\">Mensaje<\/label><textarea id=\"wpforms-80-field_3\" class=\"wpforms-field-medium\" name=\"wpforms[fields][3]\" aria-errormessage=\"wpforms-80-field_3-error\" ><\/textarea><\/div><script>\n\t\t\t\t( function() {\n\t\t\t\t\tconst style = document.createElement( 'style' );\n\t\t\t\t\tstyle.appendChild( document.createTextNode( '#wpforms-80-field_4-container { position: absolute !important; overflow: hidden !important; display: inline !important; height: 1px !important; width: 1px !important; z-index: -1000 !important; padding: 0 !important; } #wpforms-80-field_4-container input { visibility: hidden; } #wpforms-conversational-form-page #wpforms-80-field_4-container label { counter-increment: none; }' ) );\n\t\t\t\t\tdocument.head.appendChild( style );\n\t\t\t\t\tdocument.currentScript?.remove();\n\t\t\t\t} )();\n\t\t\t<\/script><\/div><!-- .wpforms-field-container --><div class=\"wpforms-submit-container\" ><input type=\"hidden\" name=\"wpforms[id]\" value=\"80\"><input type=\"hidden\" name=\"page_title\" value=\"\"><input type=\"hidden\" name=\"page_url\" value=\"https:\/\/mireiamira.cat\/es\/wp-json\/wp\/v2\/pages\/263\"><input type=\"hidden\" name=\"url_referer\" value=\"\"><button type=\"submit\" name=\"wpforms[submit]\" id=\"wpforms-submit-80\" class=\"wpforms-submit\" data-alt-text=\"Enviant\" data-submit-text=\"Enviar\" aria-live=\"assertive\" value=\"wpforms-submit\">Enviar<\/button><img loading=\"lazy\" decoding=\"async\" src=\"https:\/\/mireiamira.cat\/wp-content\/plugins\/wpforms-lite\/assets\/images\/submit-spin.svg\" class=\"wpforms-submit-spinner\" style=\"display: none;\" width=\"26\" height=\"26\" alt=\"Cargando\"><\/div><input type=\"hidden\" name=\"trp-form-language\" value=\"es\"\/><\/form><\/div>  <!-- .wpforms-container -->\n<\/div>\n<\/div>\n<\/div>","protected":false},"excerpt":{"rendered":"<p>S\u00f3c la Mireia Mira, Des de la tendresa, la pres\u00e8ncia i la creativitat acompanyo persones al final de vida i processos de dol d\u2019infants i fam\u00edlies.Em mou un desig profund d\u2019humanitzar i naturalitzar la mort, fer-la visible, anomenar-la i acollir la ciclicitat de l\u2019inici i el final com a elements transformadors i \u00fanics. He dedicat [&hellip;]<\/p>","protected":false},"author":1,"featured_media":0,"parent":0,"menu_order":0,"comment_status":"closed","ping_status":"closed","template":"page-no-title","meta":{"footnotes":""},"class_list":["post-263","page","type-page","status-publish","hentry"],"aioseo_notices":[],"_hostinger_reach_plugin_has_subscription_block":false,"_hostinger_reach_plugin_is_elementor":false,"_links":{"self":[{"href":"https:\/\/mireiamira.cat\/es\/wp-json\/wp\/v2\/pages\/263","targetHints":{"allow":["GET"]}}],"collection":[{"href":"https:\/\/mireiamira.cat\/es\/wp-json\/wp\/v2\/pages"}],"about":[{"href":"https:\/\/mireiamira.cat\/es\/wp-json\/wp\/v2\/types\/page"}],"author":[{"embeddable":true,"href":"https:\/\/mireiamira.cat\/es\/wp-json\/wp\/v2\/users\/1"}],"replies":[{"embeddable":true,"href":"https:\/\/mireiamira.cat\/es\/wp-json\/wp\/v2\/comments?post=263"}],"version-history":[{"count":34,"href":"https:\/\/mireiamira.cat\/es\/wp-json\/wp\/v2\/pages\/263\/revisions"}],"predecessor-version":[{"id":611,"href":"https:\/\/mireiamira.cat\/es\/wp-json\/wp\/v2\/pages\/263\/revisions\/611"}],"wp:attachment":[{"href":"https:\/\/mireiamira.cat\/es\/wp-json\/wp\/v2\/media?parent=263"}],"curies":[{"name":"wp","href":"https:\/\/api.w.org\/{rel}","templated":true}]}}