{"id":152,"date":"2025-11-26T20:20:09","date_gmt":"2025-11-26T20:20:09","guid":{"rendered":"https:\/\/mireiamira.cat\/?page_id=152"},"modified":"2026-01-18T18:30:08","modified_gmt":"2026-01-18T18:30:08","slug":"acompanyament-al-dol","status":"publish","type":"page","link":"https:\/\/mireiamira.cat\/es\/serveis\/acompanyament-al-dol\/","title":{"rendered":"Acompa\u00f1amiento al duelo"},"content":{"rendered":"<div class=\"wp-block-cover alignfull\"><img loading=\"lazy\" decoding=\"async\" width=\"1024\" height=\"683\" class=\"wp-block-cover__image-background wp-image-491 size-large\" alt=\"\" src=\"http:\/\/mireiamira.cat\/wp-content\/uploads\/2026\/01\/20251206_05-1024x683.jpg\" data-object-fit=\"cover\" srcset=\"https:\/\/mireiamira.cat\/wp-content\/uploads\/2026\/01\/20251206_05-1024x683.jpg 1024w, https:\/\/mireiamira.cat\/wp-content\/uploads\/2026\/01\/20251206_05-scaled-600x400.jpg 600w, https:\/\/mireiamira.cat\/wp-content\/uploads\/2026\/01\/20251206_05-300x200.jpg 300w, https:\/\/mireiamira.cat\/wp-content\/uploads\/2026\/01\/20251206_05-768x512.jpg 768w, https:\/\/mireiamira.cat\/wp-content\/uploads\/2026\/01\/20251206_05-1536x1024.jpg 1536w, https:\/\/mireiamira.cat\/wp-content\/uploads\/2026\/01\/20251206_05-2048x1365.jpg 2048w\" sizes=\"auto, (max-width: 1024px) 100vw, 1024px\" \/><span aria-hidden=\"true\" class=\"wp-block-cover__background has-background-dim\" style=\"background-color:#5e5653\"><\/span><div class=\"wp-block-cover__inner-container has-global-padding is-layout-constrained wp-block-cover-is-layout-constrained\">\n<div class=\"wp-block-group has-global-padding is-layout-constrained wp-block-group-is-layout-constrained\">\n<figure class=\"wp-block-image aligncenter size-large is-resized\"><img loading=\"lazy\" decoding=\"async\" width=\"1024\" height=\"1024\" src=\"https:\/\/mireiamira.cat\/wp-content\/uploads\/2026\/01\/icon1-1024x1024.png\" alt=\"\" class=\"wp-image-494\" style=\"width:140px\" srcset=\"https:\/\/mireiamira.cat\/wp-content\/uploads\/2026\/01\/icon1-1024x1024.png 1024w, https:\/\/mireiamira.cat\/wp-content\/uploads\/2026\/01\/icon1-300x300.png 300w, https:\/\/mireiamira.cat\/wp-content\/uploads\/2026\/01\/icon1-100x100.png 100w, https:\/\/mireiamira.cat\/wp-content\/uploads\/2026\/01\/icon1-600x599.png 600w, https:\/\/mireiamira.cat\/wp-content\/uploads\/2026\/01\/icon1-150x150.png 150w, https:\/\/mireiamira.cat\/wp-content\/uploads\/2026\/01\/icon1-768x767.png 768w, https:\/\/mireiamira.cat\/wp-content\/uploads\/2026\/01\/icon1.png 1159w\" sizes=\"auto, (max-width: 1024px) 100vw, 1024px\" \/><\/figure>\n\n\n\n<h2 class=\"wp-block-heading has-text-align-center has-base-color has-text-color has-link-color wp-elements-de0e9c4f5a16bc99e2287eb9f4a922ef\">Acompa\u00f1amiento al duelo<\/h2>\n\n\n\n<div class=\"wp-block-group has-global-padding is-layout-constrained wp-block-group-is-layout-constrained\" style=\"padding-bottom:var(--wp--preset--spacing--40)\">\n<p class=\"has-text-align-center\"><strong>Duelo gestacional y neonata<\/strong>l<\/p>\n\n\n\n<p class=\"has-text-align-center\"><strong>Duelo infantil<\/strong><\/p>\n\n\n\n<p class=\"has-text-align-center\"><strong>Acompa\u00f1amiento a familias<\/strong><\/p>\n<\/div>\n<\/div>\n<\/div><\/div>\n\n\n\n<div class=\"wp-block-group alignwide has-global-padding is-layout-constrained wp-block-group-is-layout-constrained\">\n<div class=\"wp-block-group is-content-justification-center is-nowrap is-layout-flex wp-container-core-group-is-layout-23441af8 wp-block-group-is-layout-flex\">\n<figure class=\"wp-block-image size-full is-resized\"><img loading=\"lazy\" decoding=\"async\" width=\"226\" height=\"439\" src=\"http:\/\/mireiamira.cat\/wp-content\/uploads\/2025\/11\/1.png\" alt=\"\" class=\"wp-image-194\" style=\"width:31px;height:auto\" srcset=\"https:\/\/mireiamira.cat\/wp-content\/uploads\/2025\/11\/1.png 226w, https:\/\/mireiamira.cat\/wp-content\/uploads\/2025\/11\/1-154x300.png 154w\" sizes=\"auto, (max-width: 226px) 100vw, 226px\" \/><\/figure>\n\n\n\n<h2 class=\"wp-block-heading has-accent-5-color has-text-color has-link-color wp-elements-ec18ae4fafff56b686912931f9101866\">Duelo gestacional y neonatal<\/h2>\n<\/div>\n\n\n\n<p class=\"has-text-align-center\"><strong>Presencial y Online<\/strong><\/p>\n\n\n\n<div class=\"wp-block-group alignfull has-global-padding is-layout-constrained wp-container-core-group-is-layout-bea02a06 wp-block-group-is-layout-constrained\">\n<p>La muerte de un beb\u00e9 durante la gestaci\u00f3n o al poquito de nacer se lleva tambi\u00e9n el proyecto de vida de una familia, es un duelo que nos sorprende cuando estamos prepar\u00e1ndonos para recibir la vida y a menudo viene acompa\u00f1ado de culpa, incomprensi\u00f3n y poca validaci\u00f3n del entorno.<\/p>\n<\/div>\n\n\n\n<div class=\"wp-block-group alignwide has-global-padding is-layout-constrained wp-container-core-group-is-layout-21f378d8 wp-block-group-is-layout-constrained\" style=\"padding-top:0;padding-bottom:0\">\n<div class=\"wp-block-columns is-layout-flex wp-container-core-columns-is-layout-26ad6e46 wp-block-columns-is-layout-flex\" style=\"padding-top:0;padding-bottom:var(--wp--preset--spacing--50)\">\n<div class=\"wp-block-column is-vertically-aligned-center is-layout-flow wp-block-column-is-layout-flow\" style=\"flex-basis:40%\">\n<figure class=\"wp-block-image aligncenter size-large is-resized has-custom-border\"><img loading=\"lazy\" decoding=\"async\" width=\"1024\" height=\"683\" src=\"http:\/\/mireiamira.cat\/wp-content\/uploads\/2025\/11\/20251206_17-1024x683.jpg\" alt=\"\" class=\"wp-image-421\" style=\"border-radius:40px;aspect-ratio:3\/4;object-fit:cover;width:395px;height:auto\" srcset=\"https:\/\/mireiamira.cat\/wp-content\/uploads\/2025\/11\/20251206_17-1024x683.jpg 1024w, https:\/\/mireiamira.cat\/wp-content\/uploads\/2025\/11\/20251206_17-scaled-600x400.jpg 600w, https:\/\/mireiamira.cat\/wp-content\/uploads\/2025\/11\/20251206_17-300x200.jpg 300w, https:\/\/mireiamira.cat\/wp-content\/uploads\/2025\/11\/20251206_17-768x512.jpg 768w, https:\/\/mireiamira.cat\/wp-content\/uploads\/2025\/11\/20251206_17-1536x1024.jpg 1536w, https:\/\/mireiamira.cat\/wp-content\/uploads\/2025\/11\/20251206_17-2048x1365.jpg 2048w\" sizes=\"auto, (max-width: 1024px) 100vw, 1024px\" \/><\/figure>\n<\/div>\n\n\n\n<div class=\"wp-block-column is-vertically-aligned-top is-layout-flow wp-block-column-is-layout-flow\" style=\"flex-basis:60%\">\n<p class=\"has-afacad-font-family has-medium-font-size\">Sin importar cu\u00e1nto tiempo hace de tu p\u00e9rdida te ofrezco acompa\u00f1amiento emocional al proceso de duelo durante la gestaci\u00f3n, interrupci\u00f3n del embarazo (voluntaria o no), muerte al nacimiento o en los primeros a\u00f1os de vida de tu hijo o hija.<\/p>\n\n\n\n<p>Un espacio de acogida, presencia, reconocimiento, honra, cuidado y validaci\u00f3n de tu dolor, respetando tu ritmo iremos conectando con la inmensidad del amor que te habita. Lo haremos juntas a trav\u00e9s de la escucha, meditaciones, rituales\u2026<\/p>\n\n\n\n<p>Las parejas no gestantes tambi\u00e9n son bienvenidas.<\/p>\n\n\n\n<div class=\"wp-block-buttons is-content-justification-left is-layout-flex wp-container-core-buttons-is-layout-fc4fd283 wp-block-buttons-is-layout-flex\">\n<div class=\"wp-block-button\"><a class=\"wp-block-button__link has-accent-2-background-color has-background wp-element-button\" href=\"https:\/\/mireiamira.cat\/es\/contacte\/\">Saber m\u00e1s<\/a><\/div>\n<\/div>\n<\/div>\n<\/div>\n<\/div>\n<\/div>\n\n\n\n<div class=\"wp-block-cover alignfull is-light\" style=\"margin-top:0;margin-bottom:0;min-height:177px;aspect-ratio:unset;\"><span aria-hidden=\"true\" class=\"wp-block-cover__background has-accent-4-background-color has-background-dim-100 has-background-dim\"><\/span><div class=\"wp-block-cover__inner-container has-global-padding is-layout-constrained wp-block-cover-is-layout-constrained\">\n<p class=\"has-text-align-center has-large-font-size\"><\/p>\n<\/div><\/div>\n\n\n\n<div class=\"wp-block-group alignwide has-global-padding is-layout-constrained wp-container-core-group-is-layout-e28cce13 wp-block-group-is-layout-constrained\" style=\"padding-top:var(--wp--preset--spacing--40);padding-bottom:var(--wp--preset--spacing--40)\">\n<div class=\"wp-block-group is-content-justification-center is-nowrap is-layout-flex wp-container-core-group-is-layout-23441af8 wp-block-group-is-layout-flex\">\n<figure class=\"wp-block-image size-full is-resized\"><img loading=\"lazy\" decoding=\"async\" width=\"226\" height=\"439\" src=\"http:\/\/mireiamira.cat\/wp-content\/uploads\/2025\/11\/1.png\" alt=\"\" class=\"wp-image-194\" style=\"width:31px;height:auto\" srcset=\"https:\/\/mireiamira.cat\/wp-content\/uploads\/2025\/11\/1.png 226w, https:\/\/mireiamira.cat\/wp-content\/uploads\/2025\/11\/1-154x300.png 154w\" sizes=\"auto, (max-width: 226px) 100vw, 226px\" \/><\/figure>\n\n\n\n<h2 class=\"wp-block-heading has-accent-5-color has-text-color has-link-color wp-elements-ce7ef24a4e94f81d96a94305dcf698dd\">Duelo infantil<\/h2>\n<\/div>\n\n\n\n<p class=\"has-text-align-center\"><strong>Presencial<\/strong><\/p>\n\n\n\n<div class=\"wp-block-group has-global-padding is-layout-constrained wp-container-core-group-is-layout-bea02a06 wp-block-group-is-layout-constrained\">\n<p>Los ni\u00f1os, ante la muerte o p\u00e9rdida de un ser querido sienten el mismo dolor o tristeza que podemos sentir las personas adultas; la diferencia est\u00e1 en la gesti\u00f3n de la emoci\u00f3n. La naturaleza los protege de alguna manera y su expresi\u00f3n aparece a menudo de repente, explosiva, a la vez que pueden conectar con la vida y con todo lo que hay para disfrutar.<\/p>\n<\/div>\n\n\n\n<div class=\"wp-block-columns is-layout-flex wp-container-core-columns-is-layout-26ad6e46 wp-block-columns-is-layout-flex\" style=\"padding-top:0;padding-bottom:var(--wp--preset--spacing--50)\">\n<div class=\"wp-block-column is-vertically-aligned-top is-layout-flow wp-block-column-is-layout-flow\" style=\"flex-basis:60%\">\n<p class=\"has-afacad-font-family has-medium-font-size\">En este camino de acompa\u00f1amiento a ni\u00f1os  y ni\u00f1os en duelo, agradezco cada d\u00eda las herramientas que tengo como psicomotricista. Las palabras, cuando estamos en duelo, son demasiado pocas y peque\u00f1as para decirlo todo, y m\u00e1s cuando el lugar en el que lo vives es el cuerpo. La sala de psicomotricidad les invita a jugar con todo lo que les habita. Todo lo vivido, la memoria de la piel, los miedos, las angustias, las culpas, las alegr\u00edas y las fantas\u00edas inconscientes pueden ser expresadas y transformadas a trav\u00e9s del cuerpo y del juego simb\u00f3lico y, sobre todo, son validadas.<\/p>\n\n\n\n<p class=\"has-afacad-font-family has-medium-font-size\">Acompa\u00f1ar a los m\u00e1s peque\u00f1os en procesos de duelo, separaciones y p\u00e9rdidas desde el cuerpo, el juego y la observaci\u00f3n es poder ofrecerles un espacio donde poder hablar su lenguaje esencial.<\/p>\n\n\n\n<div class=\"wp-block-buttons is-content-justification-left is-layout-flex wp-container-core-buttons-is-layout-fc4fd283 wp-block-buttons-is-layout-flex\">\n<div class=\"wp-block-button\"><a class=\"wp-block-button__link has-accent-2-background-color has-background wp-element-button\" href=\"https:\/\/mireiamira.cat\/es\/contacte\/\">Saber m\u00e1s<\/a><\/div>\n<\/div>\n<\/div>\n\n\n\n<div class=\"wp-block-column is-vertically-aligned-center is-layout-flow wp-block-column-is-layout-flow\" style=\"flex-basis:40%\">\n<figure class=\"wp-block-image aligncenter size-large is-resized has-custom-border\"><img loading=\"lazy\" decoding=\"async\" width=\"805\" height=\"1024\" src=\"https:\/\/mireiamira.cat\/wp-content\/uploads\/2026\/01\/P8060081-805x1024.jpg\" alt=\"\" class=\"wp-image-443\" style=\"border-radius:40px;aspect-ratio:0.75;object-fit:cover;width:395px;height:auto\" srcset=\"https:\/\/mireiamira.cat\/wp-content\/uploads\/2026\/01\/P8060081-805x1024.jpg 805w, https:\/\/mireiamira.cat\/wp-content\/uploads\/2026\/01\/P8060081-scaled-600x763.jpg 600w, https:\/\/mireiamira.cat\/wp-content\/uploads\/2026\/01\/P8060081-236x300.jpg 236w, https:\/\/mireiamira.cat\/wp-content\/uploads\/2026\/01\/P8060081-768x977.jpg 768w, https:\/\/mireiamira.cat\/wp-content\/uploads\/2026\/01\/P8060081-1207x1536.jpg 1207w, https:\/\/mireiamira.cat\/wp-content\/uploads\/2026\/01\/P8060081-1610x2048.jpg 1610w, https:\/\/mireiamira.cat\/wp-content\/uploads\/2026\/01\/P8060081-scaled.jpg 2012w\" sizes=\"auto, (max-width: 805px) 100vw, 805px\" \/><\/figure>\n<\/div>\n<\/div>\n<\/div>\n\n\n\n<div class=\"wp-block-cover alignfull is-light\" style=\"margin-top:0;margin-bottom:0;min-height:177px;aspect-ratio:unset;\"><span aria-hidden=\"true\" class=\"wp-block-cover__background has-accent-4-background-color has-background-dim-100 has-background-dim\"><\/span><div class=\"wp-block-cover__inner-container has-global-padding is-layout-constrained wp-block-cover-is-layout-constrained\">\n<p class=\"has-text-align-center has-large-font-size\"><\/p>\n<\/div><\/div>\n\n\n\n<div class=\"wp-block-group alignwide has-global-padding is-layout-constrained wp-container-core-group-is-layout-e28cce13 wp-block-group-is-layout-constrained\" style=\"padding-top:var(--wp--preset--spacing--40);padding-bottom:var(--wp--preset--spacing--40)\">\n<div class=\"wp-block-group is-content-justification-center is-nowrap is-layout-flex wp-container-core-group-is-layout-23441af8 wp-block-group-is-layout-flex\">\n<figure class=\"wp-block-image size-full is-resized\"><img loading=\"lazy\" decoding=\"async\" width=\"226\" height=\"439\" src=\"http:\/\/mireiamira.cat\/wp-content\/uploads\/2025\/11\/1.png\" alt=\"\" class=\"wp-image-194\" style=\"width:31px;height:auto\" srcset=\"https:\/\/mireiamira.cat\/wp-content\/uploads\/2025\/11\/1.png 226w, https:\/\/mireiamira.cat\/wp-content\/uploads\/2025\/11\/1-154x300.png 154w\" sizes=\"auto, (max-width: 226px) 100vw, 226px\" \/><\/figure>\n\n\n\n<h2 class=\"wp-block-heading has-accent-5-color has-text-color has-link-color wp-elements-87f5e97fe000f19ecaaa2dd9b9beaa71\">Acompa\u00f1amiento a familias<\/h2>\n<\/div>\n\n\n\n<p class=\"has-text-align-center\"><strong>Presencial y Online<\/strong><\/p>\n\n\n\n<div class=\"wp-block-group has-global-padding is-layout-constrained wp-container-core-group-is-layout-bea02a06 wp-block-group-is-layout-constrained\">\n<p>Entiendo a la familia (grande o peque\u00f1a, de sangre o escogida) como la red de cuidado y sost\u00e9n. Vivimos en un mundo muy individualizado que nos ha hecho perder muchas experiencias cotidianas en comunidad y nos aleja de esta cuna de vida. Pero sabernos parte, el sentimiento de pertenencia, nos ayuda a transitar el duelo, no s\u00f3lo compartiendo el dolor, sino tambi\u00e9n compartiendo el amor y el recuerdo por quienes han muerto.<\/p>\n<\/div>\n\n\n\n<div class=\"wp-block-columns is-layout-flex wp-container-core-columns-is-layout-26ad6e46 wp-block-columns-is-layout-flex\" style=\"padding-top:0;padding-bottom:var(--wp--preset--spacing--50)\">\n<div class=\"wp-block-column is-vertically-aligned-center is-layout-flow wp-block-column-is-layout-flow\" style=\"flex-basis:40%\">\n<figure class=\"wp-block-image aligncenter size-large is-resized has-custom-border\"><img loading=\"lazy\" decoding=\"async\" width=\"683\" height=\"1024\" src=\"https:\/\/mireiamira.cat\/wp-content\/uploads\/2026\/01\/20251206_04b-683x1024.jpg\" alt=\"\" class=\"wp-image-442\" style=\"border-radius:40px;aspect-ratio:0.75;object-fit:cover;width:395px;height:auto\" srcset=\"https:\/\/mireiamira.cat\/wp-content\/uploads\/2026\/01\/20251206_04b-683x1024.jpg 683w, https:\/\/mireiamira.cat\/wp-content\/uploads\/2026\/01\/20251206_04b-scaled-600x900.jpg 600w, https:\/\/mireiamira.cat\/wp-content\/uploads\/2026\/01\/20251206_04b-200x300.jpg 200w, https:\/\/mireiamira.cat\/wp-content\/uploads\/2026\/01\/20251206_04b-768x1152.jpg 768w, https:\/\/mireiamira.cat\/wp-content\/uploads\/2026\/01\/20251206_04b-1024x1536.jpg 1024w, https:\/\/mireiamira.cat\/wp-content\/uploads\/2026\/01\/20251206_04b-1366x2048.jpg 1366w, https:\/\/mireiamira.cat\/wp-content\/uploads\/2026\/01\/20251206_04b-scaled.jpg 1707w\" sizes=\"auto, (max-width: 683px) 100vw, 683px\" \/><\/figure>\n<\/div>\n\n\n\n<div class=\"wp-block-column is-vertically-aligned-top is-layout-flow wp-block-column-is-layout-flow\" style=\"flex-basis:60%\">\n<p class=\"has-afacad-font-family has-medium-font-size\">Os acompa\u00f1o si ten\u00e9is criaturas y j\u00f3venes durante procesos de enfermedades graves, separaciones y muertes de seres queridos, humanos y animales.<\/p>\n\n\n\n<p>Ofrezco sesiones de asesoramiento a las adultas referentes sobre c\u00f3mo comunicar la noticia de una muerte importante, c\u00f3mo conocer cu\u00e1l es la comprensi\u00f3n de la muerte seg\u00fan la edad de los ni\u00f1os y j\u00f3venes, c\u00f3mo podemos hacerles participar en el funeral y en las ceremonias...proporcionando  herramientas para acompa\u00f1ar los diferentes procesos, as\u00ed como revisando cu\u00e1l es vuestra propia relaci\u00f3n con esta muerte y experiencia dolosa.<\/p>\n\n\n\n<p class=\"has-afacad-font-family has-medium-font-size\">Seg\u00fan las necesidades de cada familia y situaci\u00f3n, podemos realizar sesiones conjuntas o s\u00f3lo con las adultas.<\/p>\n\n\n\n<div class=\"wp-block-buttons is-content-justification-left is-layout-flex wp-container-core-buttons-is-layout-fc4fd283 wp-block-buttons-is-layout-flex\">\n<div class=\"wp-block-button\"><a class=\"wp-block-button__link has-accent-2-background-color has-background wp-element-button\" href=\"https:\/\/mireiamira.cat\/es\/contacte\/\">Saber m\u00e1s<\/a><\/div>\n<\/div>\n<\/div>\n<\/div>\n<\/div>","protected":false},"excerpt":{"rendered":"<p>Dol gestacional i neonatal Presencial i Online La mort d\u2019un nad\u00f3 durant la gestaci\u00f3 o al poquet de n\u00e9ixer s\u2019end\u00fa tamb\u00e9 el projecte de vida d\u2019una fam\u00edlia, \u00e9s un dol que ens sorpr\u00e8n quan estem preparant-nos per rebre la vida i&nbsp; sovint ve acompanyat de culpa, d\u2019incomprensi\u00f3 i poca validaci\u00f3 de l\u2019entorn. Sense importar quan [&hellip;]<\/p>","protected":false},"author":1,"featured_media":0,"parent":107,"menu_order":0,"comment_status":"closed","ping_status":"closed","template":"page-no-title","meta":{"footnotes":""},"class_list":["post-152","page","type-page","status-publish","hentry"],"aioseo_notices":[],"_hostinger_reach_plugin_has_subscription_block":false,"_hostinger_reach_plugin_is_elementor":false,"_links":{"self":[{"href":"https:\/\/mireiamira.cat\/es\/wp-json\/wp\/v2\/pages\/152","targetHints":{"allow":["GET"]}}],"collection":[{"href":"https:\/\/mireiamira.cat\/es\/wp-json\/wp\/v2\/pages"}],"about":[{"href":"https:\/\/mireiamira.cat\/es\/wp-json\/wp\/v2\/types\/page"}],"author":[{"embeddable":true,"href":"https:\/\/mireiamira.cat\/es\/wp-json\/wp\/v2\/users\/1"}],"replies":[{"embeddable":true,"href":"https:\/\/mireiamira.cat\/es\/wp-json\/wp\/v2\/comments?post=152"}],"version-history":[{"count":57,"href":"https:\/\/mireiamira.cat\/es\/wp-json\/wp\/v2\/pages\/152\/revisions"}],"predecessor-version":[{"id":701,"href":"https:\/\/mireiamira.cat\/es\/wp-json\/wp\/v2\/pages\/152\/revisions\/701"}],"up":[{"embeddable":true,"href":"https:\/\/mireiamira.cat\/es\/wp-json\/wp\/v2\/pages\/107"}],"wp:attachment":[{"href":"https:\/\/mireiamira.cat\/es\/wp-json\/wp\/v2\/media?parent=152"}],"curies":[{"name":"wp","href":"https:\/\/api.w.org\/{rel}","templated":true}]}}