{"id":107,"date":"2025-11-26T10:41:09","date_gmt":"2025-11-26T10:41:09","guid":{"rendered":"https:\/\/mireiamira.cat\/?page_id=107"},"modified":"2026-01-14T21:28:50","modified_gmt":"2026-01-14T21:28:50","slug":"serveis","status":"publish","type":"page","link":"https:\/\/mireiamira.cat\/es\/serveis\/","title":{"rendered":"Servicios"},"content":{"rendered":"<div class=\"wp-block-cover alignfull\"><img loading=\"lazy\" decoding=\"async\" width=\"1024\" height=\"683\" class=\"wp-block-cover__image-background wp-image-429 size-large\" alt=\"\" src=\"https:\/\/mireiamira.cat\/wp-content\/uploads\/2026\/01\/20251206_43-1024x683.jpg\" data-object-fit=\"cover\" srcset=\"https:\/\/mireiamira.cat\/wp-content\/uploads\/2026\/01\/20251206_43-1024x683.jpg 1024w, https:\/\/mireiamira.cat\/wp-content\/uploads\/2026\/01\/20251206_43-scaled-600x400.jpg 600w, https:\/\/mireiamira.cat\/wp-content\/uploads\/2026\/01\/20251206_43-300x200.jpg 300w, https:\/\/mireiamira.cat\/wp-content\/uploads\/2026\/01\/20251206_43-768x512.jpg 768w, https:\/\/mireiamira.cat\/wp-content\/uploads\/2026\/01\/20251206_43-1536x1024.jpg 1536w, https:\/\/mireiamira.cat\/wp-content\/uploads\/2026\/01\/20251206_43-2048x1365.jpg 2048w\" sizes=\"auto, (max-width: 1024px) 100vw, 1024px\" \/><span aria-hidden=\"true\" class=\"wp-block-cover__background has-background-dim\" style=\"background-color:#857462\"><\/span><div class=\"wp-block-cover__inner-container has-global-padding is-layout-constrained wp-block-cover-is-layout-constrained\">\n<p class=\"has-text-align-center has-large-font-size\"><\/p>\n<\/div><\/div>\n\n\n\n<div class=\"wp-block-group alignwide has-global-padding is-layout-constrained wp-container-core-group-is-layout-757dfad4 wp-block-group-is-layout-constrained\" style=\"padding-top:var(--wp--preset--spacing--50);padding-bottom:var(--wp--preset--spacing--50)\">\n<div class=\"wp-block-group is-nowrap is-layout-flex wp-container-core-group-is-layout-6c531013 wp-block-group-is-layout-flex\">\n<h2 class=\"wp-block-heading has-text-align-left has-accent-5-color has-text-color has-link-color wp-elements-1d7a47ebfd349241ed82ba7f891c4a49\">Servicios que ofrezco<\/h2>\n<\/div>\n\n\n\n<div class=\"wp-block-group has-global-padding is-content-justification-left is-layout-constrained wp-container-core-group-is-layout-6bdf7856 wp-block-group-is-layout-constrained\">\n<hr class=\"wp-block-separator alignwide has-text-color has-accent-6-color has-alpha-channel-opacity has-accent-6-background-color has-background\"\/>\n<\/div>\n\n\n\n<p>Te propongo ir de la mano, a poco, hacer de paraguas cuando te llueve dentro, mirar al dolor en los ojos, calentarlo y convertirlo en luz. Acogiendo la singularidad de cada experiencia como algo sagrado.<\/p>\n<\/div>\n\n\n\n<div class=\"wp-block-group alignwide has-global-padding is-layout-constrained wp-block-group-is-layout-constrained\" style=\"padding-top:var(--wp--preset--spacing--40);padding-bottom:var(--wp--preset--spacing--50)\">\n<div class=\"wp-block-group alignwide has-global-padding is-layout-constrained wp-container-core-group-is-layout-1a5a651a wp-block-group-is-layout-constrained\">\n<div class=\"wp-block-columns is-layout-flex wp-container-core-columns-is-layout-ec2e7a44 wp-block-columns-is-layout-flex\" style=\"padding-top:0;padding-bottom:0\">\n<div class=\"wp-block-column is-vertically-aligned-center is-layout-flow wp-block-column-is-layout-flow\">\n<h2 class=\"wp-block-heading has-text-align-center has-accent-5-color has-text-color has-link-color has-x-large-font-size wp-elements-4d35b1d0cf32160afcd0bc73546c5160\">Servicios<\/h2>\n<\/div>\n\n\n\n<div class=\"wp-block-column is-layout-flow wp-block-column-is-layout-flow\">\n<figure class=\"wp-block-image aligncenter size-large is-resized\"><a href=\"https:\/\/mireiamira.cat\/es\/serveis\/acompanyament-al-dol\/\"><img loading=\"lazy\" decoding=\"async\" width=\"1024\" height=\"1024\" src=\"https:\/\/mireiamira.cat\/wp-content\/uploads\/2025\/11\/icon1-1024x1024.jpg\" alt=\"\" class=\"wp-image-58\" style=\"width:182px;height:auto\" srcset=\"https:\/\/mireiamira.cat\/wp-content\/uploads\/2025\/11\/icon1-1024x1024.jpg 1024w, https:\/\/mireiamira.cat\/wp-content\/uploads\/2025\/11\/icon1-300x300.jpg 300w, https:\/\/mireiamira.cat\/wp-content\/uploads\/2025\/11\/icon1-100x100.jpg 100w, https:\/\/mireiamira.cat\/wp-content\/uploads\/2025\/11\/icon1-600x600.jpg 600w, https:\/\/mireiamira.cat\/wp-content\/uploads\/2025\/11\/icon1-150x150.jpg 150w, https:\/\/mireiamira.cat\/wp-content\/uploads\/2025\/11\/icon1-768x768.jpg 768w, https:\/\/mireiamira.cat\/wp-content\/uploads\/2025\/11\/icon1.jpg 1181w\" sizes=\"auto, (max-width: 1024px) 100vw, 1024px\" \/><\/a><\/figure>\n\n\n\n<h2 class=\"wp-block-heading has-text-align-center has-accent-4-color has-text-color has-link-color has-large-font-size wp-elements-fc920b7c042af784285a7731b00bc2d0\"><a href=\"\/es\/mireiamira.cat\/serveis\/acompanyament-al-dol\/\" data-type=\"page\" data-id=\"152\">Acompa\u00f1amiento al duelo<\/a><\/h2>\n\n\n\n<p class=\"has-text-align-center\"><strong>Acompa\u00f1amiento individual, infantil y familiar a procesos duelo.<\/strong><\/p>\n\n\n\n<div class=\"wp-block-buttons is-content-justification-center is-layout-flex wp-container-core-buttons-is-layout-a89b3969 wp-block-buttons-is-layout-flex\">\n<div class=\"wp-block-button\"><a class=\"wp-block-button__link has-accent-2-background-color has-background wp-element-button\" href=\"\/es\/mireiamira.cat\/serveis\/acompanyament-al-dol\/\">Saber m\u00e1s<\/a><\/div>\n<\/div>\n<\/div>\n\n\n\n<div class=\"wp-block-column is-layout-flow wp-block-column-is-layout-flow\">\n<figure class=\"wp-block-image aligncenter size-large is-resized\"><a href=\"https:\/\/mireiamira.cat\/es\/xerrades-i-tallers\/\"><img loading=\"lazy\" decoding=\"async\" width=\"1024\" height=\"1024\" src=\"https:\/\/mireiamira.cat\/wp-content\/uploads\/2025\/11\/icon2-1024x1024.jpg\" alt=\"\" class=\"wp-image-59\" style=\"width:182px\" srcset=\"https:\/\/mireiamira.cat\/wp-content\/uploads\/2025\/11\/icon2-1024x1024.jpg 1024w, https:\/\/mireiamira.cat\/wp-content\/uploads\/2025\/11\/icon2-300x300.jpg 300w, https:\/\/mireiamira.cat\/wp-content\/uploads\/2025\/11\/icon2-100x100.jpg 100w, https:\/\/mireiamira.cat\/wp-content\/uploads\/2025\/11\/icon2-600x600.jpg 600w, https:\/\/mireiamira.cat\/wp-content\/uploads\/2025\/11\/icon2-150x150.jpg 150w, https:\/\/mireiamira.cat\/wp-content\/uploads\/2025\/11\/icon2-768x768.jpg 768w, https:\/\/mireiamira.cat\/wp-content\/uploads\/2025\/11\/icon2.jpg 1181w\" sizes=\"auto, (max-width: 1024px) 100vw, 1024px\" \/><\/a><\/figure>\n\n\n\n<h2 class=\"wp-block-heading has-text-align-center has-accent-4-color has-text-color has-link-color has-large-font-size wp-elements-4973bf8df21dc0eea2c018bf2b725ed2\"><a href=\"https:\/\/mireiamira.cat\/es\/xerrades-i-tallers\/\" data-type=\"page\" data-id=\"399\">Charlas y talleres<\/a><\/h2>\n\n\n\n<p class=\"has-text-align-center\"><strong>Divulgaci\u00f3n y concienciaci\u00f3n para una nueva cultura del morir.<\/strong><\/p>\n\n\n\n<div class=\"wp-block-buttons is-content-justification-center is-layout-flex wp-container-core-buttons-is-layout-a89b3969 wp-block-buttons-is-layout-flex\">\n<div class=\"wp-block-button\"><a class=\"wp-block-button__link has-accent-2-background-color has-background wp-element-button\" href=\"https:\/\/mireiamira.cat\/es\/xerrades-i-tallers\/\">Saber m\u00e1s<\/a><\/div>\n<\/div>\n<\/div>\n<\/div>\n<\/div>\n\n\n\n<div class=\"wp-block-group alignwide has-global-padding is-layout-constrained wp-container-core-group-is-layout-1a5a651a wp-block-group-is-layout-constrained\">\n<div class=\"wp-block-columns is-layout-flex wp-container-core-columns-is-layout-51c0b34d wp-block-columns-is-layout-flex\" style=\"padding-top:var(--wp--preset--spacing--50);padding-bottom:var(--wp--preset--spacing--50)\">\n<div class=\"wp-block-column is-vertically-aligned-center is-layout-flow wp-block-column-is-layout-flow\">\n<figure class=\"wp-block-image aligncenter size-large is-resized\"><a href=\"https:\/\/mireiamira.cat\/es\/serveis\/doula-de-finals-de-vida\/\"><img loading=\"lazy\" decoding=\"async\" width=\"1024\" height=\"1024\" src=\"https:\/\/mireiamira.cat\/wp-content\/uploads\/2025\/11\/icon3-1024x1024.jpg\" alt=\"\" class=\"wp-image-60\" style=\"width:182px\" srcset=\"https:\/\/mireiamira.cat\/wp-content\/uploads\/2025\/11\/icon3-1024x1024.jpg 1024w, https:\/\/mireiamira.cat\/wp-content\/uploads\/2025\/11\/icon3-300x300.jpg 300w, https:\/\/mireiamira.cat\/wp-content\/uploads\/2025\/11\/icon3-100x100.jpg 100w, https:\/\/mireiamira.cat\/wp-content\/uploads\/2025\/11\/icon3-600x600.jpg 600w, https:\/\/mireiamira.cat\/wp-content\/uploads\/2025\/11\/icon3-150x150.jpg 150w, https:\/\/mireiamira.cat\/wp-content\/uploads\/2025\/11\/icon3-768x768.jpg 768w, https:\/\/mireiamira.cat\/wp-content\/uploads\/2025\/11\/icon3.jpg 1181w\" sizes=\"auto, (max-width: 1024px) 100vw, 1024px\" \/><\/a><\/figure>\n\n\n\n<h2 class=\"wp-block-heading has-text-align-center has-accent-4-color has-text-color has-link-color has-large-font-size wp-elements-de965f9c87e5fe45a4372cbc9091c2c8\"><a href=\"https:\/\/mireiamira.cat\/es\/serveis\/doula-de-finals-de-vida\/\" data-type=\"page\" data-id=\"384\">Doula de finales de vida<\/a><\/h2>\n\n\n\n<p class=\"has-text-align-center\"><strong><strong>Gu\u00eda y acompa\u00f1amiento espiritual y pr\u00e1ctico en procesos en torno a la muerte y el duelo.<\/strong><\/strong><\/p>\n\n\n\n<div class=\"wp-block-buttons is-content-justification-center is-layout-flex wp-container-core-buttons-is-layout-a89b3969 wp-block-buttons-is-layout-flex\">\n<div class=\"wp-block-button\"><a class=\"wp-block-button__link has-accent-2-background-color has-background wp-element-button\" href=\"http:\/\/mireiamira.cat\/es\/serveis\/doula-de-finals-de-vida\/\">Saber m\u00e1s<\/a><\/div>\n<\/div>\n<\/div>\n\n\n\n<div class=\"wp-block-column is-layout-flow wp-block-column-is-layout-flow\">\n<figure class=\"wp-block-image aligncenter size-large is-resized\"><a href=\"https:\/\/mireiamira.cat\/es\/serveis\/besso-solitari\/\"><img loading=\"lazy\" decoding=\"async\" width=\"1024\" height=\"1024\" src=\"https:\/\/mireiamira.cat\/wp-content\/uploads\/2025\/11\/icon-4-1024x1024.jpg\" alt=\"\" class=\"wp-image-61\" style=\"width:182px\" srcset=\"https:\/\/mireiamira.cat\/wp-content\/uploads\/2025\/11\/icon-4-1024x1024.jpg 1024w, https:\/\/mireiamira.cat\/wp-content\/uploads\/2025\/11\/icon-4-300x300.jpg 300w, https:\/\/mireiamira.cat\/wp-content\/uploads\/2025\/11\/icon-4-100x100.jpg 100w, https:\/\/mireiamira.cat\/wp-content\/uploads\/2025\/11\/icon-4-600x600.jpg 600w, https:\/\/mireiamira.cat\/wp-content\/uploads\/2025\/11\/icon-4-150x150.jpg 150w, https:\/\/mireiamira.cat\/wp-content\/uploads\/2025\/11\/icon-4-768x768.jpg 768w, https:\/\/mireiamira.cat\/wp-content\/uploads\/2025\/11\/icon-4.jpg 1181w\" sizes=\"auto, (max-width: 1024px) 100vw, 1024px\" \/><\/a><\/figure>\n\n\n\n<h2 class=\"wp-block-heading has-text-align-center has-accent-4-color has-text-color has-link-color has-large-font-size wp-elements-f9e5e0f7771a1ed03fe87d7185ac07e1\"><a href=\"https:\/\/mireiamira.cat\/es\/serveis\/besso-solitari\/\" data-type=\"page\" data-id=\"393\">Gemelo solitario<\/a><\/h2>\n\n\n\n<p class=\"has-text-align-center\"><strong>Empezar la vida acompa\u00f1ada y vivir la muerte de tu hermano gemelo en el vientre materno.<\/strong><\/p>\n\n\n\n<div class=\"wp-block-buttons is-content-justification-center is-layout-flex wp-container-core-buttons-is-layout-a89b3969 wp-block-buttons-is-layout-flex\">\n<div class=\"wp-block-button\"><a class=\"wp-block-button__link has-accent-2-background-color has-background wp-element-button\" href=\"https:\/\/mireiamira.cat\/es\/serveis\/besso-solitari\/\">Saber m\u00e1s<\/a><\/div>\n<\/div>\n<\/div>\n\n\n\n<div class=\"wp-block-column is-layout-flow wp-block-column-is-layout-flow\">\n<figure class=\"wp-block-image aligncenter size-large is-resized\"><a href=\"https:\/\/mireiamira.cat\/es\/serveis\/il-lustra-el-teu-dol\/\"><img loading=\"lazy\" decoding=\"async\" width=\"1024\" height=\"1024\" src=\"https:\/\/mireiamira.cat\/wp-content\/uploads\/2025\/11\/icon5-1024x1024.jpg\" alt=\"\" class=\"wp-image-62\" style=\"width:182px\" srcset=\"https:\/\/mireiamira.cat\/wp-content\/uploads\/2025\/11\/icon5-1024x1024.jpg 1024w, https:\/\/mireiamira.cat\/wp-content\/uploads\/2025\/11\/icon5-300x300.jpg 300w, https:\/\/mireiamira.cat\/wp-content\/uploads\/2025\/11\/icon5-100x100.jpg 100w, https:\/\/mireiamira.cat\/wp-content\/uploads\/2025\/11\/icon5-600x600.jpg 600w, https:\/\/mireiamira.cat\/wp-content\/uploads\/2025\/11\/icon5-150x150.jpg 150w, https:\/\/mireiamira.cat\/wp-content\/uploads\/2025\/11\/icon5-768x768.jpg 768w, https:\/\/mireiamira.cat\/wp-content\/uploads\/2025\/11\/icon5.jpg 1181w\" sizes=\"auto, (max-width: 1024px) 100vw, 1024px\" \/><\/a><\/figure>\n\n\n\n<h2 class=\"wp-block-heading has-text-align-center has-accent-4-color has-text-color has-link-color has-large-font-size wp-elements-f9329502870cdec3971a3981dabda911\"><a href=\"https:\/\/mireiamira.cat\/es\/serveis\/il-lustra-el-teu-dol\/\" data-type=\"page\" data-id=\"449\">Ilustra tu duelo<\/a><\/h2>\n\n\n\n<p class=\"has-text-align-center\"><strong>Ilustraciones para honrar los breves ciclos de vida que han habitado tu cuerpo.<\/strong><\/p>\n\n\n\n<div class=\"wp-block-buttons is-content-justification-center is-layout-flex wp-container-core-buttons-is-layout-a89b3969 wp-block-buttons-is-layout-flex\">\n<div class=\"wp-block-button\"><a class=\"wp-block-button__link has-accent-2-background-color has-background wp-element-button\" href=\"https:\/\/mireiamira.cat\/es\/serveis\/il-lustra-el-teu-dol\/\">Saber m\u00e1s<\/a><\/div>\n<\/div>\n<\/div>\n<\/div>\n<\/div>\n<\/div>","protected":false},"excerpt":{"rendered":"<p>Serveis que ofereixo Et proposo anar de la m\u00e0, a poquet, fer de paraig\u00fces quan et plou dins, mirar al dolor als ulls, escalfar-lo i convertir-lo en llum. Acollint la singularitat de cada experi\u00e8ncia com a quelcom sagrat. Serveis Acompanyament al Dol Acompanyament individual, infantil i familiar a processos dol. Xerrades i Tallers Divulgaci\u00f3 i [&hellip;]<\/p>","protected":false},"author":1,"featured_media":0,"parent":0,"menu_order":0,"comment_status":"closed","ping_status":"closed","template":"page-no-title","meta":{"footnotes":""},"class_list":["post-107","page","type-page","status-publish","hentry"],"aioseo_notices":[],"_hostinger_reach_plugin_has_subscription_block":false,"_hostinger_reach_plugin_is_elementor":false,"_links":{"self":[{"href":"https:\/\/mireiamira.cat\/es\/wp-json\/wp\/v2\/pages\/107","targetHints":{"allow":["GET"]}}],"collection":[{"href":"https:\/\/mireiamira.cat\/es\/wp-json\/wp\/v2\/pages"}],"about":[{"href":"https:\/\/mireiamira.cat\/es\/wp-json\/wp\/v2\/types\/page"}],"author":[{"embeddable":true,"href":"https:\/\/mireiamira.cat\/es\/wp-json\/wp\/v2\/users\/1"}],"replies":[{"embeddable":true,"href":"https:\/\/mireiamira.cat\/es\/wp-json\/wp\/v2\/comments?post=107"}],"version-history":[{"count":61,"href":"https:\/\/mireiamira.cat\/es\/wp-json\/wp\/v2\/pages\/107\/revisions"}],"predecessor-version":[{"id":645,"href":"https:\/\/mireiamira.cat\/es\/wp-json\/wp\/v2\/pages\/107\/revisions\/645"}],"wp:attachment":[{"href":"https:\/\/mireiamira.cat\/es\/wp-json\/wp\/v2\/media?parent=107"}],"curies":[{"name":"wp","href":"https:\/\/api.w.org\/{rel}","templated":true}]}}